{"id":5683,"date":"2024-01-19T16:00:26","date_gmt":"2024-01-19T19:00:26","guid":{"rendered":"https:\/\/pgafarma.com.br\/?page_id=5683"},"modified":"2024-07-10T11:26:40","modified_gmt":"2024-07-10T14:26:40","slug":"politica-de-cookies","status":"publish","type":"page","link":"https:\/\/pgafarma.com.br\/es\/politica-de-cookies\/","title":{"rendered":"Pol\u00edtica de Cookies"},"content":{"rendered":"<div data-elementor-type=\"wp-page\" data-elementor-id=\"5683\" class=\"elementor elementor-5683\">\n\t\t\t\t\t\t<section class=\"elementor-section elementor-top-section elementor-element elementor-element-9d0179b elementor-section-boxed elementor-section-height-default elementor-section-height-default\" data-id=\"9d0179b\" data-element_type=\"section\" data-settings=\"{&quot;background_background&quot;:&quot;classic&quot;}\">\n\t\t\t\t\t\t<div class=\"elementor-container elementor-column-gap-default\">\n\t\t\t\t\t<div class=\"elementor-column elementor-col-100 elementor-top-column elementor-element elementor-element-2c8cad5\" data-id=\"2c8cad5\" data-element_type=\"column\">\n\t\t\t<div class=\"elementor-widget-wrap elementor-element-populated\">\n\t\t\t\t\t\t<div class=\"elementor-element elementor-element-7a1510e elementor-widget elementor-widget-spacer\" data-id=\"7a1510e\" data-element_type=\"widget\" data-widget_type=\"spacer.default\">\n\t\t\t\t<div class=\"elementor-widget-container\">\n\t\t\t\t\t\t\t<div class=\"elementor-spacer\">\n\t\t\t<div class=\"elementor-spacer-inner\"><\/div>\n\t\t<\/div>\n\t\t\t\t\t\t<\/div>\n\t\t\t\t<\/div>\n\t\t\t\t<div class=\"elementor-element elementor-element-f2d4e0b elementor-widget elementor-widget-image\" data-id=\"f2d4e0b\" data-element_type=\"widget\" data-widget_type=\"image.default\">\n\t\t\t\t<div class=\"elementor-widget-container\">\n\t\t\t\t\t\t\t\t\t\t\t\t\t\t\t<img fetchpriority=\"high\" decoding=\"async\" width=\"1481\" height=\"232\" src=\"https:\/\/pgafarma.com.br\/wp-content\/uploads\/2024\/01\/titulo-cookies.png\" class=\"attachment-full size-full wp-image-5685\" alt=\"A imagem mostra o logo da empresa escrito &quot;PGA FARMA&quot; e &quot;Pol\u00edtica de Cokies ao lado&quot;\" srcset=\"https:\/\/pgafarma.com.br\/wp-content\/uploads\/2024\/01\/titulo-cookies.png 1481w, https:\/\/pgafarma.com.br\/wp-content\/uploads\/2024\/01\/titulo-cookies-300x47.png 300w, https:\/\/pgafarma.com.br\/wp-content\/uploads\/2024\/01\/titulo-cookies-1024x160.png 1024w, https:\/\/pgafarma.com.br\/wp-content\/uploads\/2024\/01\/titulo-cookies-768x120.png 768w, https:\/\/pgafarma.com.br\/wp-content\/uploads\/2024\/01\/titulo-cookies-18x3.png 18w\" sizes=\"(max-width: 1481px) 100vw, 1481px\" \/>\t\t\t\t\t\t\t\t\t\t\t\t\t\t\t<\/div>\n\t\t\t\t<\/div>\n\t\t\t\t<div class=\"elementor-element elementor-element-ee2fe74 elementor-widget elementor-widget-spacer\" data-id=\"ee2fe74\" data-element_type=\"widget\" data-widget_type=\"spacer.default\">\n\t\t\t\t<div class=\"elementor-widget-container\">\n\t\t\t\t\t\t\t<div class=\"elementor-spacer\">\n\t\t\t<div class=\"elementor-spacer-inner\"><\/div>\n\t\t<\/div>\n\t\t\t\t\t\t<\/div>\n\t\t\t\t<\/div>\n\t\t\t\t\t<\/div>\n\t\t<\/div>\n\t\t\t\t\t<\/div>\n\t\t<\/section>\n\t\t\t\t<section class=\"elementor-section elementor-top-section elementor-element elementor-element-3657315 elementor-section-boxed elementor-section-height-default elementor-section-height-default\" data-id=\"3657315\" data-element_type=\"section\">\n\t\t\t\t\t\t<div class=\"elementor-container elementor-column-gap-default\">\n\t\t\t\t\t<div class=\"elementor-column elementor-col-100 elementor-top-column elementor-element elementor-element-6376dd7\" data-id=\"6376dd7\" data-element_type=\"column\">\n\t\t\t<div class=\"elementor-widget-wrap elementor-element-populated\">\n\t\t\t\t\t\t<div class=\"elementor-element elementor-element-b9545d5 elementor-widget elementor-widget-text-editor\" data-id=\"b9545d5\" data-element_type=\"widget\" data-widget_type=\"text-editor.default\">\n\t\t\t\t<div class=\"elementor-widget-container\">\n\t\t\t\t\t\t\t\t\t<p class=\"MsoNormal\" style=\"margin: 0cm; line-height: 16.8667px; font-size: 11pt; font-family: Arial, sans-serif; color: #000000;\">Bem-vindo aos Termos de Uso do nosso site. Ao acessar e utilizar este site, voc\u00ea concorda em cumprir os termos e condi\u00e7\u00f5es abaixo estabelecidos. Caso n\u00e3o concorde com alguma parte destes termos, recomendamos que interrompa imediatamente o uso do site.<\/p><p class=\"MsoNormal\" style=\"margin: 0cm; line-height: 16.8667px; font-size: 11pt; font-family: Arial, sans-serif; color: #000000;\">\u00a0<\/p><ol style=\"margin-bottom: 0cm; color: #000000; font-size: medium; margin-top: 0cm;\" start=\"1\" type=\"1\"><li class=\"MsoNormal\" style=\"margin: 0cm; line-height: 16.8667px; font-size: 11pt; font-family: Arial, sans-serif;\"><b>Uso aceit\u00e1vel: <\/b>Ao acessar nosso site, voc\u00ea concorda em utilizar os recursos dispon\u00edveis de maneira \u00e9tica e legal. N\u00e3o \u00e9 permitido o uso do site para atividades ilegais, difamat\u00f3rias, fraudulentas, invasivas ou prejudiciais.<br \/><br \/><b><\/b><\/li><li class=\"MsoNormal\" style=\"margin: 0cm; line-height: 16.8667px; font-size: 11pt; font-family: Arial, sans-serif;\"><b>Propriedade Intelectual: <\/b>Todo o conte\u00fado presente neste site, incluindo textos, imagens, logotipos, design e outros elementos, \u00e9 protegido por direitos autorais e outras leis de propriedade intelectual. O uso n\u00e3o autorizado do conte\u00fado deste site pode violar essas leis.<br \/><br \/><b><\/b><\/li><li class=\"MsoNormal\" style=\"margin: 0cm; line-height: 16.8667px; font-size: 11pt; font-family: Arial, sans-serif;\"><b>Informa\u00e7\u00f5es Precisas: <\/b>Voc\u00ea concorda em fornecer informa\u00e7\u00f5es precisas e atualizadas ao utilizar nosso site. Reservamo-nos o direito de recusar o acesso ao site, encerrar contas e recusar servi\u00e7os caso informa\u00e7\u00f5es incorretas ou fraudulentas sejam fornecidas.<br \/><br \/><b><\/b><\/li><li class=\"MsoNormal\" style=\"margin: 0cm; line-height: 16.8667px; font-size: 11pt; font-family: Arial, sans-serif;\"><b>Links para Terceiros: <\/b>Nosso site pode conter links para sites de terceiros. N\u00e3o nos responsabilizamos pelo conte\u00fado ou pelas pr\u00e1ticas de privacidade desses sites. A inclus\u00e3o de links n\u00e3o implica endosso ou aprova\u00e7\u00e3o dos mesmos.<br \/><br \/><b><\/b><\/li><li class=\"MsoNormal\" style=\"margin: 0cm; line-height: 16.8667px; font-size: 11pt; font-family: Arial, sans-serif;\"><b>Responsabilidade: <\/b>N\u00e3o garantimos a disponibilidade cont\u00ednua e ininterrupta do site. N\u00e3o nos responsabilizamos por danos diretos, indiretos, incidentes, consequenciais ou especiais decorrentes do uso ou da impossibilidade de uso deste site.<br \/><br \/><b><\/b><\/li><\/ol><p><b style=\"color: #000000; font-size: medium;\"><span style=\"font-size: 11pt; line-height: 16.8667px; font-family: Arial, sans-serif;\">Altera\u00e7\u00f5es nos Termos: <\/span><\/b><span style=\"color: #000000; font-size: 11pt; line-height: 16.8667px; font-family: Arial, sans-serif;\">Reservamo-nos o direito de modificar estes Termos de Uso a qualquer momento. As altera\u00e7\u00f5es entrar\u00e3o em vigor imediatamente ap\u00f3s a publica\u00e7\u00e3o. Recomendamos que voc\u00ea revise periodicamente os Termos de Uso para estar ciente de quaisquer altera\u00e7\u00f5es.<br \/><br \/><\/span><\/p>\t\t\t\t\t\t\t\t<\/div>\n\t\t\t\t<\/div>\n\t\t\t\t\t<\/div>\n\t\t<\/div>\n\t\t\t\t\t<\/div>\n\t\t<\/section>\n\t\t\t\t<\/div>","protected":false},"excerpt":{"rendered":"<p>Bem-vindo aos Termos de Uso do nosso site. Ao acessar e utilizar este site, voc\u00ea concorda em cumprir os termos e condi\u00e7\u00f5es abaixo estabelecidos. Caso n\u00e3o concorde com alguma parte destes termos,<span class=\"more-dots\">&#8230;<\/span> <span class=\"more-tag\"><a class=\"more-link\" href=\"https:\/\/pgafarma.com.br\/es\/politica-de-cookies\/\">More<span class=\"screen-reader-text\"> \"Pol\u00edtica de Cookies\"<\/span><\/a><\/span><!-- .more-tag --><\/p>","protected":false},"author":1,"featured_media":0,"parent":0,"menu_order":0,"comment_status":"closed","ping_status":"closed","template":"page-templates\/full-width.php","meta":{"footnotes":""},"class_list":["post-5683","page","type-page","status-publish","hentry"],"yoast_head":"<!-- This site is optimized with the Yoast SEO plugin v26.3 - https:\/\/yoast.com\/wordpress\/plugins\/seo\/ -->\n<title>Pol\u00edtica de Cookies: Seguran\u00e7a e Privacidade | PGA Farma<\/title>\n<meta name=\"description\" content=\"Leia nossa Pol\u00edtica de Cookies para entender como a PGA Farma utiliza cookies visando sua seguran\u00e7a e aprimoramento da experi\u00eancia online\" \/>\n<meta name=\"robots\" content=\"index, follow, max-snippet:-1, max-image-preview:large, max-video-preview:-1\" \/>\n<link rel=\"canonical\" href=\"https:\/\/pgafarma.com.br\/es\/politica-de-cookies\/\" \/>\n<meta property=\"og:locale\" content=\"es_ES\" \/>\n<meta property=\"og:type\" content=\"article\" \/>\n<meta property=\"og:title\" content=\"Pol\u00edtica de Cookies: Seguran\u00e7a e Privacidade | PGA Farma\" \/>\n<meta property=\"og:description\" content=\"Leia nossa Pol\u00edtica de Cookies para entender como a PGA Farma utiliza cookies visando sua seguran\u00e7a e aprimoramento da experi\u00eancia online\" \/>\n<meta property=\"og:url\" content=\"https:\/\/pgafarma.com.br\/es\/politica-de-cookies\/\" \/>\n<meta property=\"og:site_name\" content=\"PGA+\" \/>\n<meta property=\"article:modified_time\" content=\"2024-07-10T14:26:40+00:00\" \/>\n<meta property=\"og:image\" content=\"https:\/\/pgafarma.com.br\/wp-content\/uploads\/2024\/01\/titulo-cookies.png\" \/>\n\t<meta property=\"og:image:width\" content=\"1481\" \/>\n\t<meta property=\"og:image:height\" content=\"232\" \/>\n\t<meta property=\"og:image:type\" content=\"image\/png\" \/>\n<meta name=\"twitter:card\" content=\"summary_large_image\" \/>\n<meta name=\"twitter:label1\" content=\"Tiempo de lectura\" \/>\n\t<meta name=\"twitter:data1\" content=\"2 minutos\" \/>\n<script type=\"application\/ld+json\" class=\"yoast-schema-graph\">{\"@context\":\"https:\/\/schema.org\",\"@graph\":[{\"@type\":\"WebPage\",\"@id\":\"https:\/\/pgafarma.com.br\/politica-de-cookies\/\",\"url\":\"https:\/\/pgafarma.com.br\/politica-de-cookies\/\",\"name\":\"Pol\u00edtica de Cookies: Seguran\u00e7a e Privacidade | PGA Farma\",\"isPartOf\":{\"@id\":\"https:\/\/pgafarma.com.br\/#website\"},\"primaryImageOfPage\":{\"@id\":\"https:\/\/pgafarma.com.br\/politica-de-cookies\/#primaryimage\"},\"image\":{\"@id\":\"https:\/\/pgafarma.com.br\/politica-de-cookies\/#primaryimage\"},\"thumbnailUrl\":\"https:\/\/pgafarma.com.br\/wp-content\/uploads\/2024\/01\/titulo-cookies.png\",\"datePublished\":\"2024-01-19T19:00:26+00:00\",\"dateModified\":\"2024-07-10T14:26:40+00:00\",\"description\":\"Leia nossa Pol\u00edtica de Cookies para entender como a PGA Farma utiliza cookies visando sua seguran\u00e7a e aprimoramento da experi\u00eancia online\",\"breadcrumb\":{\"@id\":\"https:\/\/pgafarma.com.br\/politica-de-cookies\/#breadcrumb\"},\"inLanguage\":\"es\",\"potentialAction\":[{\"@type\":\"ReadAction\",\"target\":[\"https:\/\/pgafarma.com.br\/politica-de-cookies\/\"]}]},{\"@type\":\"ImageObject\",\"inLanguage\":\"es\",\"@id\":\"https:\/\/pgafarma.com.br\/politica-de-cookies\/#primaryimage\",\"url\":\"https:\/\/pgafarma.com.br\/wp-content\/uploads\/2024\/01\/titulo-cookies.png\",\"contentUrl\":\"https:\/\/pgafarma.com.br\/wp-content\/uploads\/2024\/01\/titulo-cookies.png\"},{\"@type\":\"BreadcrumbList\",\"@id\":\"https:\/\/pgafarma.com.br\/politica-de-cookies\/#breadcrumb\",\"itemListElement\":[{\"@type\":\"ListItem\",\"position\":1,\"name\":\"Home\",\"item\":\"https:\/\/pgafarma.com.br\/\"},{\"@type\":\"ListItem\",\"position\":2,\"name\":\"Pol\u00edtica de Cookies\"}]},{\"@type\":\"WebSite\",\"@id\":\"https:\/\/pgafarma.com.br\/#website\",\"url\":\"https:\/\/pgafarma.com.br\/\",\"name\":\"PGA Farma\",\"description\":\"Consultoria m\u00e9dico-farmac\u00eautica\",\"publisher\":{\"@id\":\"https:\/\/pgafarma.com.br\/#organization\"},\"potentialAction\":[{\"@type\":\"SearchAction\",\"target\":{\"@type\":\"EntryPoint\",\"urlTemplate\":\"https:\/\/pgafarma.com.br\/?s={search_term_string}\"},\"query-input\":{\"@type\":\"PropertyValueSpecification\",\"valueRequired\":true,\"valueName\":\"search_term_string\"}}],\"inLanguage\":\"es\"},{\"@type\":\"Organization\",\"@id\":\"https:\/\/pgafarma.com.br\/#organization\",\"name\":\"PGA Farma\",\"url\":\"https:\/\/pgafarma.com.br\/\",\"logo\":{\"@type\":\"ImageObject\",\"inLanguage\":\"es\",\"@id\":\"https:\/\/pgafarma.com.br\/#\/schema\/logo\/image\/\",\"url\":\"https:\/\/pgafarma.com.br\/wp-content\/uploads\/2025\/06\/logo_institucional_3.png\",\"contentUrl\":\"https:\/\/pgafarma.com.br\/wp-content\/uploads\/2025\/06\/logo_institucional_3.png\",\"width\":192,\"height\":85,\"caption\":\"PGA Farma\"},\"image\":{\"@id\":\"https:\/\/pgafarma.com.br\/#\/schema\/logo\/image\/\"}}]}<\/script>\n<!-- \/ Yoast SEO plugin. -->","yoast_head_json":{"title":"Pol\u00edtica de Cookies: Seguran\u00e7a e Privacidade | PGA Farma","description":"Leia nossa Pol\u00edtica de Cookies para entender como a PGA Farma utiliza cookies visando sua seguran\u00e7a e aprimoramento da experi\u00eancia online","robots":{"index":"index","follow":"follow","max-snippet":"max-snippet:-1","max-image-preview":"max-image-preview:large","max-video-preview":"max-video-preview:-1"},"canonical":"https:\/\/pgafarma.com.br\/es\/politica-de-cookies\/","og_locale":"es_ES","og_type":"article","og_title":"Pol\u00edtica de Cookies: Seguran\u00e7a e Privacidade | PGA Farma","og_description":"Leia nossa Pol\u00edtica de Cookies para entender como a PGA Farma utiliza cookies visando sua seguran\u00e7a e aprimoramento da experi\u00eancia online","og_url":"https:\/\/pgafarma.com.br\/es\/politica-de-cookies\/","og_site_name":"PGA+","article_modified_time":"2024-07-10T14:26:40+00:00","og_image":[{"width":1481,"height":232,"url":"https:\/\/pgafarma.com.br\/wp-content\/uploads\/2024\/01\/titulo-cookies.png","type":"image\/png"}],"twitter_card":"summary_large_image","twitter_misc":{"Tiempo de lectura":"2 minutos"},"schema":{"@context":"https:\/\/schema.org","@graph":[{"@type":"WebPage","@id":"https:\/\/pgafarma.com.br\/politica-de-cookies\/","url":"https:\/\/pgafarma.com.br\/politica-de-cookies\/","name":"Pol\u00edtica de Cookies: Seguran\u00e7a e Privacidade | PGA Farma","isPartOf":{"@id":"https:\/\/pgafarma.com.br\/#website"},"primaryImageOfPage":{"@id":"https:\/\/pgafarma.com.br\/politica-de-cookies\/#primaryimage"},"image":{"@id":"https:\/\/pgafarma.com.br\/politica-de-cookies\/#primaryimage"},"thumbnailUrl":"https:\/\/pgafarma.com.br\/wp-content\/uploads\/2024\/01\/titulo-cookies.png","datePublished":"2024-01-19T19:00:26+00:00","dateModified":"2024-07-10T14:26:40+00:00","description":"Leia nossa Pol\u00edtica de Cookies para entender como a PGA Farma utiliza cookies visando sua seguran\u00e7a e aprimoramento da experi\u00eancia online","breadcrumb":{"@id":"https:\/\/pgafarma.com.br\/politica-de-cookies\/#breadcrumb"},"inLanguage":"es","potentialAction":[{"@type":"ReadAction","target":["https:\/\/pgafarma.com.br\/politica-de-cookies\/"]}]},{"@type":"ImageObject","inLanguage":"es","@id":"https:\/\/pgafarma.com.br\/politica-de-cookies\/#primaryimage","url":"https:\/\/pgafarma.com.br\/wp-content\/uploads\/2024\/01\/titulo-cookies.png","contentUrl":"https:\/\/pgafarma.com.br\/wp-content\/uploads\/2024\/01\/titulo-cookies.png"},{"@type":"BreadcrumbList","@id":"https:\/\/pgafarma.com.br\/politica-de-cookies\/#breadcrumb","itemListElement":[{"@type":"ListItem","position":1,"name":"Home","item":"https:\/\/pgafarma.com.br\/"},{"@type":"ListItem","position":2,"name":"Pol\u00edtica de Cookies"}]},{"@type":"WebSite","@id":"https:\/\/pgafarma.com.br\/#website","url":"https:\/\/pgafarma.com.br\/","name":"PGA Farma","description":"Soluciones m\u00e9dico-farmac\u00e9uticas","publisher":{"@id":"https:\/\/pgafarma.com.br\/#organization"},"potentialAction":[{"@type":"SearchAction","target":{"@type":"EntryPoint","urlTemplate":"https:\/\/pgafarma.com.br\/?s={search_term_string}"},"query-input":{"@type":"PropertyValueSpecification","valueRequired":true,"valueName":"search_term_string"}}],"inLanguage":"es"},{"@type":"Organization","@id":"https:\/\/pgafarma.com.br\/#organization","name":"PGA Farma","url":"https:\/\/pgafarma.com.br\/","logo":{"@type":"ImageObject","inLanguage":"es","@id":"https:\/\/pgafarma.com.br\/#\/schema\/logo\/image\/","url":"https:\/\/pgafarma.com.br\/wp-content\/uploads\/2025\/06\/logo_institucional_3.png","contentUrl":"https:\/\/pgafarma.com.br\/wp-content\/uploads\/2025\/06\/logo_institucional_3.png","width":192,"height":85,"caption":"PGA Farma"},"image":{"@id":"https:\/\/pgafarma.com.br\/#\/schema\/logo\/image\/"}}]}},"_links":{"self":[{"href":"https:\/\/pgafarma.com.br\/es\/wp-json\/wp\/v2\/pages\/5683","targetHints":{"allow":["GET"]}}],"collection":[{"href":"https:\/\/pgafarma.com.br\/es\/wp-json\/wp\/v2\/pages"}],"about":[{"href":"https:\/\/pgafarma.com.br\/es\/wp-json\/wp\/v2\/types\/page"}],"author":[{"embeddable":true,"href":"https:\/\/pgafarma.com.br\/es\/wp-json\/wp\/v2\/users\/1"}],"replies":[{"embeddable":true,"href":"https:\/\/pgafarma.com.br\/es\/wp-json\/wp\/v2\/comments?post=5683"}],"version-history":[{"count":11,"href":"https:\/\/pgafarma.com.br\/es\/wp-json\/wp\/v2\/pages\/5683\/revisions"}],"predecessor-version":[{"id":6028,"href":"https:\/\/pgafarma.com.br\/es\/wp-json\/wp\/v2\/pages\/5683\/revisions\/6028"}],"wp:attachment":[{"href":"https:\/\/pgafarma.com.br\/es\/wp-json\/wp\/v2\/media?parent=5683"}],"curies":[{"name":"wp","href":"https:\/\/api.w.org\/{rel}","templated":true}]}}