{"id":5425,"date":"2022-11-10T21:04:58","date_gmt":"2022-11-11T00:04:58","guid":{"rendered":"http:\/\/dev.pgafarma.com.br\/?page_id=5425"},"modified":"2024-04-05T14:43:03","modified_gmt":"2024-04-05T17:43:03","slug":"roberta-gomes","status":"publish","type":"page","link":"https:\/\/pgafarma.com.br\/en\/roberta-gomes\/","title":{"rendered":"Roberta Gomes"},"content":{"rendered":"<div data-elementor-type=\"wp-page\" data-elementor-id=\"5425\" class=\"elementor elementor-5425\">\n\t\t\t\t\t\t<section class=\"elementor-section elementor-top-section elementor-element elementor-element-30279731 elementor-section-boxed elementor-section-height-default elementor-section-height-default\" data-id=\"30279731\" data-element_type=\"section\">\n\t\t\t\t\t\t<div class=\"elementor-container elementor-column-gap-default\">\n\t\t\t\t\t<div class=\"elementor-column elementor-col-50 elementor-top-column elementor-element elementor-element-e9817a2\" data-id=\"e9817a2\" data-element_type=\"column\">\n\t\t\t<div class=\"elementor-widget-wrap elementor-element-populated\">\n\t\t\t\t\t\t<div class=\"elementor-element elementor-element-8ad89b7 elementor-widget elementor-widget-image\" data-id=\"8ad89b7\" data-element_type=\"widget\" data-widget_type=\"image.default\">\n\t\t\t\t<div class=\"elementor-widget-container\">\n\t\t\t\t\t\t\t\t\t\t\t\t\t\t\t<img fetchpriority=\"high\" decoding=\"async\" width=\"540\" height=\"541\" src=\"https:\/\/pgafarma.com.br\/wp-content\/uploads\/2022\/10\/Roberta-Gomes.jpg\" class=\"attachment-large size-large wp-image-4926\" alt=\"Foto de uma executiva da empresa PGA Farma, Roberta Gomes, a mulher tem os cabelos castanhos escuros curtos e est\u00e1 encostada em uma parede. se trata de uma imagem de busto\" srcset=\"https:\/\/pgafarma.com.br\/wp-content\/uploads\/2022\/10\/Roberta-Gomes.jpg 540w, https:\/\/pgafarma.com.br\/wp-content\/uploads\/2022\/10\/Roberta-Gomes-300x300.jpg 300w, https:\/\/pgafarma.com.br\/wp-content\/uploads\/2022\/10\/Roberta-Gomes-150x150.jpg 150w, https:\/\/pgafarma.com.br\/wp-content\/uploads\/2022\/10\/Roberta-Gomes-480x480.jpg 480w\" sizes=\"(max-width: 540px) 100vw, 540px\" \/>\t\t\t\t\t\t\t\t\t\t\t\t\t\t\t<\/div>\n\t\t\t\t<\/div>\n\t\t\t\t<section class=\"elementor-section elementor-inner-section elementor-element elementor-element-6c0fee02 elementor-section-boxed elementor-section-height-default elementor-section-height-default\" data-id=\"6c0fee02\" data-element_type=\"section\">\n\t\t\t\t\t\t<div class=\"elementor-container elementor-column-gap-default\">\n\t\t\t\t\t<div class=\"elementor-column elementor-col-100 elementor-inner-column elementor-element elementor-element-6be0cea6\" data-id=\"6be0cea6\" data-element_type=\"column\">\n\t\t\t<div class=\"elementor-widget-wrap elementor-element-populated\">\n\t\t\t\t\t\t<div class=\"elementor-element elementor-element-15869779 elementor-widget elementor-widget-heading\" data-id=\"15869779\" data-element_type=\"widget\" data-widget_type=\"heading.default\">\n\t\t\t\t<div class=\"elementor-widget-container\">\n\t\t\t\t\t<h2 class=\"elementor-heading-title elementor-size-default\">Roberta Gomes<\/h2>\t\t\t\t<\/div>\n\t\t\t\t<\/div>\n\t\t\t\t<div class=\"elementor-element elementor-element-5dc47366 elementor-widget elementor-widget-heading\" data-id=\"5dc47366\" data-element_type=\"widget\" data-widget_type=\"heading.default\">\n\t\t\t\t<div class=\"elementor-widget-container\">\n\t\t\t\t\t<h2 class=\"elementor-heading-title elementor-size-default\">Quality and Training Manager\n<\/h2>\t\t\t\t<\/div>\n\t\t\t\t<\/div>\n\t\t\t\t\t<\/div>\n\t\t<\/div>\n\t\t\t\t\t<\/div>\n\t\t<\/section>\n\t\t\t\t\t<\/div>\n\t\t<\/div>\n\t\t\t\t<div class=\"elementor-column elementor-col-50 elementor-top-column elementor-element elementor-element-60ccd1c5\" data-id=\"60ccd1c5\" data-element_type=\"column\">\n\t\t\t<div class=\"elementor-widget-wrap elementor-element-populated\">\n\t\t\t\t\t\t<div class=\"elementor-element elementor-element-c3d77cf elementor-widget elementor-widget-shortcode\" data-id=\"c3d77cf\" data-element_type=\"widget\" data-widget_type=\"shortcode.default\">\n\t\t\t\t<div class=\"elementor-widget-container\">\n\t\t\t\t\t\t\t<div class=\"elementor-shortcode\"><span><span><a href=\"https:\/\/pgafarma.com.br\/en\/\">Home<\/a><\/span><\/span><\/div>\n\t\t\t\t\t\t<\/div>\n\t\t\t\t<\/div>\n\t\t\t\t<div class=\"elementor-element elementor-element-cdadf77 elementor-widget elementor-widget-heading\" data-id=\"cdadf77\" data-element_type=\"widget\" data-widget_type=\"heading.default\">\n\t\t\t\t<div class=\"elementor-widget-container\">\n\t\t\t\t\t<h1 class=\"elementor-heading-title elementor-size-default\">Roberta Gomes<\/h1>\t\t\t\t<\/div>\n\t\t\t\t<\/div>\n\t\t\t\t<div class=\"elementor-element elementor-element-9c2c67a elementor-widget elementor-widget-heading\" data-id=\"9c2c67a\" data-element_type=\"widget\" data-widget_type=\"heading.default\">\n\t\t\t\t<div class=\"elementor-widget-container\">\n\t\t\t\t\t<h2 class=\"elementor-heading-title elementor-size-default\">Quality and Training Manager\n<\/h2>\t\t\t\t<\/div>\n\t\t\t\t<\/div>\n\t\t\t\t<div class=\"elementor-element elementor-element-8e6f0c0 elementor-widget elementor-widget-heading\" data-id=\"8e6f0c0\" data-element_type=\"widget\" data-widget_type=\"heading.default\">\n\t\t\t\t<div class=\"elementor-widget-container\">\n\t\t\t\t\t<h2 class=\"elementor-heading-title elementor-size-default\">At PGA Farma since March 2020<\/h2>\t\t\t\t<\/div>\n\t\t\t\t<\/div>\n\t\t\t\t<div class=\"elementor-element elementor-element-a168030 elementor-widget elementor-widget-heading\" data-id=\"a168030\" data-element_type=\"widget\" data-widget_type=\"heading.default\">\n\t\t\t\t<div class=\"elementor-widget-container\">\n\t\t\t\t\t<h2 class=\"elementor-heading-title elementor-size-default\">Pharmacist graduated from Universidade Federal de Alfenas, post graduated in Clinical Research by UNIFESP. Roberta currently focuses on Quality and Patient Safety. Her professional career encompasses the areas of Clinical Research, Bioequivalence, Pharmacovigilance and Quality.<\/h2>\t\t\t\t<\/div>\n\t\t\t\t<\/div>\n\t\t\t\t\t<\/div>\n\t\t<\/div>\n\t\t\t\t\t<\/div>\n\t\t<\/section>\n\t\t\t\t<\/div>","protected":false},"excerpt":{"rendered":"<p>Roberta Gomes Gerente de Qualidade e Treinamento Roberta Gomes Gerente de Qualidade e Treinamento Na PGA desde agosto de 2020 Farmac\u00eautica formada pela Universidade Federal de Alfenas, p\u00f3s graduada em Pesquisa Cl\u00ednica<span class=\"more-dots\">&#8230;<\/span> <span class=\"more-tag\"><a class=\"more-link\" href=\"https:\/\/pgafarma.com.br\/en\/roberta-gomes\/\">More<span class=\"screen-reader-text\"> \"Roberta Gomes\"<\/span><\/a><\/span><!-- .more-tag --><\/p>","protected":false},"author":1,"featured_media":0,"parent":0,"menu_order":0,"comment_status":"closed","ping_status":"closed","template":"","meta":{"footnotes":""},"class_list":["post-5425","page","type-page","status-publish","hentry"],"yoast_head":"<!-- This site is optimized with the Yoast SEO plugin v26.3 - https:\/\/yoast.com\/wordpress\/plugins\/seo\/ -->\n<title>Roberta Gomes: Qualidade e Seguran\u00e7a do Paciente | PGA Farma<\/title>\n<meta name=\"description\" content=\"Conhe\u00e7a Roberta Gomes, gerente de Qualidade e Treinamento na PGA Farma, farmac\u00eautica especialista em seguran\u00e7a do paciente e pesquisa cl\u00ednica.\" \/>\n<meta name=\"robots\" content=\"index, follow, max-snippet:-1, max-image-preview:large, max-video-preview:-1\" \/>\n<link rel=\"canonical\" href=\"https:\/\/pgafarma.com.br\/en\/roberta-gomes\/\" \/>\n<meta property=\"og:locale\" content=\"en_US\" \/>\n<meta property=\"og:type\" content=\"article\" \/>\n<meta property=\"og:title\" content=\"Roberta Gomes: Qualidade e Seguran\u00e7a do Paciente | PGA Farma\" \/>\n<meta property=\"og:description\" content=\"Conhe\u00e7a Roberta Gomes, gerente de Qualidade e Treinamento na PGA Farma, farmac\u00eautica especialista em seguran\u00e7a do paciente e pesquisa cl\u00ednica.\" \/>\n<meta property=\"og:url\" content=\"https:\/\/pgafarma.com.br\/en\/roberta-gomes\/\" \/>\n<meta property=\"og:site_name\" content=\"PGA+\" \/>\n<meta property=\"article:modified_time\" content=\"2024-04-05T17:43:03+00:00\" \/>\n<meta property=\"og:image\" content=\"https:\/\/pgafarma.com.br\/wp-content\/uploads\/2022\/10\/Roberta-Gomes.jpg\" \/>\n\t<meta property=\"og:image:width\" content=\"540\" \/>\n\t<meta property=\"og:image:height\" content=\"541\" \/>\n\t<meta property=\"og:image:type\" content=\"image\/jpeg\" \/>\n<meta name=\"twitter:card\" content=\"summary_large_image\" \/>\n<meta name=\"twitter:label1\" content=\"Est. reading time\" \/>\n\t<meta name=\"twitter:data1\" content=\"1 minute\" \/>\n<script type=\"application\/ld+json\" class=\"yoast-schema-graph\">{\"@context\":\"https:\/\/schema.org\",\"@graph\":[{\"@type\":\"WebPage\",\"@id\":\"https:\/\/pgafarma.com.br\/roberta-gomes\/\",\"url\":\"https:\/\/pgafarma.com.br\/roberta-gomes\/\",\"name\":\"Roberta Gomes: Qualidade e Seguran\u00e7a do Paciente | PGA Farma\",\"isPartOf\":{\"@id\":\"https:\/\/pgafarma.com.br\/#website\"},\"primaryImageOfPage\":{\"@id\":\"https:\/\/pgafarma.com.br\/roberta-gomes\/#primaryimage\"},\"image\":{\"@id\":\"https:\/\/pgafarma.com.br\/roberta-gomes\/#primaryimage\"},\"thumbnailUrl\":\"https:\/\/pgafarma.com.br\/wp-content\/uploads\/2022\/10\/Roberta-Gomes.jpg\",\"datePublished\":\"2022-11-11T00:04:58+00:00\",\"dateModified\":\"2024-04-05T17:43:03+00:00\",\"description\":\"Conhe\u00e7a Roberta Gomes, gerente de Qualidade e Treinamento na PGA Farma, farmac\u00eautica especialista em seguran\u00e7a do paciente e pesquisa cl\u00ednica.\",\"breadcrumb\":{\"@id\":\"https:\/\/pgafarma.com.br\/roberta-gomes\/#breadcrumb\"},\"inLanguage\":\"en-US\",\"potentialAction\":[{\"@type\":\"ReadAction\",\"target\":[\"https:\/\/pgafarma.com.br\/roberta-gomes\/\"]}]},{\"@type\":\"ImageObject\",\"inLanguage\":\"en-US\",\"@id\":\"https:\/\/pgafarma.com.br\/roberta-gomes\/#primaryimage\",\"url\":\"https:\/\/pgafarma.com.br\/wp-content\/uploads\/2022\/10\/Roberta-Gomes.jpg\",\"contentUrl\":\"https:\/\/pgafarma.com.br\/wp-content\/uploads\/2022\/10\/Roberta-Gomes.jpg\"},{\"@type\":\"BreadcrumbList\",\"@id\":\"https:\/\/pgafarma.com.br\/roberta-gomes\/#breadcrumb\",\"itemListElement\":[{\"@type\":\"ListItem\",\"position\":1,\"name\":\"Home\",\"item\":\"https:\/\/pgafarma.com.br\/\"},{\"@type\":\"ListItem\",\"position\":2,\"name\":\"Roberta Gomes\"}]},{\"@type\":\"WebSite\",\"@id\":\"https:\/\/pgafarma.com.br\/#website\",\"url\":\"https:\/\/pgafarma.com.br\/\",\"name\":\"PGA Farma\",\"description\":\"Consultoria m\u00e9dico-farmac\u00eautica\",\"publisher\":{\"@id\":\"https:\/\/pgafarma.com.br\/#organization\"},\"potentialAction\":[{\"@type\":\"SearchAction\",\"target\":{\"@type\":\"EntryPoint\",\"urlTemplate\":\"https:\/\/pgafarma.com.br\/?s={search_term_string}\"},\"query-input\":{\"@type\":\"PropertyValueSpecification\",\"valueRequired\":true,\"valueName\":\"search_term_string\"}}],\"inLanguage\":\"en-US\"},{\"@type\":\"Organization\",\"@id\":\"https:\/\/pgafarma.com.br\/#organization\",\"name\":\"PGA Farma\",\"url\":\"https:\/\/pgafarma.com.br\/\",\"logo\":{\"@type\":\"ImageObject\",\"inLanguage\":\"en-US\",\"@id\":\"https:\/\/pgafarma.com.br\/#\/schema\/logo\/image\/\",\"url\":\"https:\/\/pgafarma.com.br\/wp-content\/uploads\/2025\/06\/logo_institucional_3.png\",\"contentUrl\":\"https:\/\/pgafarma.com.br\/wp-content\/uploads\/2025\/06\/logo_institucional_3.png\",\"width\":192,\"height\":85,\"caption\":\"PGA Farma\"},\"image\":{\"@id\":\"https:\/\/pgafarma.com.br\/#\/schema\/logo\/image\/\"}}]}<\/script>\n<!-- \/ Yoast SEO plugin. -->","yoast_head_json":{"title":"Roberta Gomes: Qualidade e Seguran\u00e7a do Paciente | PGA Farma","description":"Conhe\u00e7a Roberta Gomes, gerente de Qualidade e Treinamento na PGA Farma, farmac\u00eautica especialista em seguran\u00e7a do paciente e pesquisa cl\u00ednica.","robots":{"index":"index","follow":"follow","max-snippet":"max-snippet:-1","max-image-preview":"max-image-preview:large","max-video-preview":"max-video-preview:-1"},"canonical":"https:\/\/pgafarma.com.br\/en\/roberta-gomes\/","og_locale":"en_US","og_type":"article","og_title":"Roberta Gomes: Qualidade e Seguran\u00e7a do Paciente | PGA Farma","og_description":"Conhe\u00e7a Roberta Gomes, gerente de Qualidade e Treinamento na PGA Farma, farmac\u00eautica especialista em seguran\u00e7a do paciente e pesquisa cl\u00ednica.","og_url":"https:\/\/pgafarma.com.br\/en\/roberta-gomes\/","og_site_name":"PGA+","article_modified_time":"2024-04-05T17:43:03+00:00","og_image":[{"width":540,"height":541,"url":"https:\/\/pgafarma.com.br\/wp-content\/uploads\/2022\/10\/Roberta-Gomes.jpg","type":"image\/jpeg"}],"twitter_card":"summary_large_image","twitter_misc":{"Est. reading time":"1 minute"},"schema":{"@context":"https:\/\/schema.org","@graph":[{"@type":"WebPage","@id":"https:\/\/pgafarma.com.br\/roberta-gomes\/","url":"https:\/\/pgafarma.com.br\/roberta-gomes\/","name":"Roberta Gomes: Qualidade e Seguran\u00e7a do Paciente | PGA Farma","isPartOf":{"@id":"https:\/\/pgafarma.com.br\/#website"},"primaryImageOfPage":{"@id":"https:\/\/pgafarma.com.br\/roberta-gomes\/#primaryimage"},"image":{"@id":"https:\/\/pgafarma.com.br\/roberta-gomes\/#primaryimage"},"thumbnailUrl":"https:\/\/pgafarma.com.br\/wp-content\/uploads\/2022\/10\/Roberta-Gomes.jpg","datePublished":"2022-11-11T00:04:58+00:00","dateModified":"2024-04-05T17:43:03+00:00","description":"Conhe\u00e7a Roberta Gomes, gerente de Qualidade e Treinamento na PGA Farma, farmac\u00eautica especialista em seguran\u00e7a do paciente e pesquisa cl\u00ednica.","breadcrumb":{"@id":"https:\/\/pgafarma.com.br\/roberta-gomes\/#breadcrumb"},"inLanguage":"en-US","potentialAction":[{"@type":"ReadAction","target":["https:\/\/pgafarma.com.br\/roberta-gomes\/"]}]},{"@type":"ImageObject","inLanguage":"en-US","@id":"https:\/\/pgafarma.com.br\/roberta-gomes\/#primaryimage","url":"https:\/\/pgafarma.com.br\/wp-content\/uploads\/2022\/10\/Roberta-Gomes.jpg","contentUrl":"https:\/\/pgafarma.com.br\/wp-content\/uploads\/2022\/10\/Roberta-Gomes.jpg"},{"@type":"BreadcrumbList","@id":"https:\/\/pgafarma.com.br\/roberta-gomes\/#breadcrumb","itemListElement":[{"@type":"ListItem","position":1,"name":"Home","item":"https:\/\/pgafarma.com.br\/"},{"@type":"ListItem","position":2,"name":"Roberta Gomes"}]},{"@type":"WebSite","@id":"https:\/\/pgafarma.com.br\/#website","url":"https:\/\/pgafarma.com.br\/","name":"PGA Farma","description":"Medical-pharmaceutical solutions","publisher":{"@id":"https:\/\/pgafarma.com.br\/#organization"},"potentialAction":[{"@type":"SearchAction","target":{"@type":"EntryPoint","urlTemplate":"https:\/\/pgafarma.com.br\/?s={search_term_string}"},"query-input":{"@type":"PropertyValueSpecification","valueRequired":true,"valueName":"search_term_string"}}],"inLanguage":"en-US"},{"@type":"Organization","@id":"https:\/\/pgafarma.com.br\/#organization","name":"PGA Farma","url":"https:\/\/pgafarma.com.br\/","logo":{"@type":"ImageObject","inLanguage":"en-US","@id":"https:\/\/pgafarma.com.br\/#\/schema\/logo\/image\/","url":"https:\/\/pgafarma.com.br\/wp-content\/uploads\/2025\/06\/logo_institucional_3.png","contentUrl":"https:\/\/pgafarma.com.br\/wp-content\/uploads\/2025\/06\/logo_institucional_3.png","width":192,"height":85,"caption":"PGA Farma"},"image":{"@id":"https:\/\/pgafarma.com.br\/#\/schema\/logo\/image\/"}}]}},"_links":{"self":[{"href":"https:\/\/pgafarma.com.br\/en\/wp-json\/wp\/v2\/pages\/5425","targetHints":{"allow":["GET"]}}],"collection":[{"href":"https:\/\/pgafarma.com.br\/en\/wp-json\/wp\/v2\/pages"}],"about":[{"href":"https:\/\/pgafarma.com.br\/en\/wp-json\/wp\/v2\/types\/page"}],"author":[{"embeddable":true,"href":"https:\/\/pgafarma.com.br\/en\/wp-json\/wp\/v2\/users\/1"}],"replies":[{"embeddable":true,"href":"https:\/\/pgafarma.com.br\/en\/wp-json\/wp\/v2\/comments?post=5425"}],"version-history":[{"count":17,"href":"https:\/\/pgafarma.com.br\/en\/wp-json\/wp\/v2\/pages\/5425\/revisions"}],"predecessor-version":[{"id":5855,"href":"https:\/\/pgafarma.com.br\/en\/wp-json\/wp\/v2\/pages\/5425\/revisions\/5855"}],"wp:attachment":[{"href":"https:\/\/pgafarma.com.br\/en\/wp-json\/wp\/v2\/media?parent=5425"}],"curies":[{"name":"wp","href":"https:\/\/api.w.org\/{rel}","templated":true}]}}