{"id":5213,"date":"2022-11-03T10:34:04","date_gmt":"2022-11-03T13:34:04","guid":{"rendered":"http:\/\/dev.pgafarma.com.br\/?page_id=5213"},"modified":"2024-04-05T14:41:47","modified_gmt":"2024-04-05T17:41:47","slug":"paula-bertozzi","status":"publish","type":"page","link":"https:\/\/pgafarma.com.br\/en\/paula-bertozzi\/","title":{"rendered":"Paula Bertozzi"},"content":{"rendered":"<div data-elementor-type=\"wp-page\" data-elementor-id=\"5213\" class=\"elementor elementor-5213\">\n\t\t\t\t\t\t<section class=\"elementor-section elementor-top-section elementor-element elementor-element-30279731 elementor-section-boxed elementor-section-height-default elementor-section-height-default\" data-id=\"30279731\" data-element_type=\"section\">\n\t\t\t\t\t\t<div class=\"elementor-container elementor-column-gap-default\">\n\t\t\t\t\t<div class=\"elementor-column elementor-col-50 elementor-top-column elementor-element elementor-element-e9817a2\" data-id=\"e9817a2\" data-element_type=\"column\">\n\t\t\t<div class=\"elementor-widget-wrap elementor-element-populated\">\n\t\t\t\t\t\t<div class=\"elementor-element elementor-element-8ad89b7 elementor-widget elementor-widget-image\" data-id=\"8ad89b7\" data-element_type=\"widget\" data-widget_type=\"image.default\">\n\t\t\t\t<div class=\"elementor-widget-container\">\n\t\t\t\t\t\t\t\t\t\t\t\t\t\t\t<img fetchpriority=\"high\" decoding=\"async\" width=\"540\" height=\"541\" src=\"https:\/\/pgafarma.com.br\/wp-content\/uploads\/2022\/10\/Paula-Bertozzi.jpg\" class=\"attachment-large size-large wp-image-4925\" alt=\"Foto de uma executiva da empresa PGA Farma, Paula Bertozzi, a mulher possui os cabelos castanhos escuros, est\u00e1 vestindo um terno de algod\u00e3o e sorrindo para a c\u00e2mera\" srcset=\"https:\/\/pgafarma.com.br\/wp-content\/uploads\/2022\/10\/Paula-Bertozzi.jpg 540w, https:\/\/pgafarma.com.br\/wp-content\/uploads\/2022\/10\/Paula-Bertozzi-300x300.jpg 300w, https:\/\/pgafarma.com.br\/wp-content\/uploads\/2022\/10\/Paula-Bertozzi-150x150.jpg 150w, https:\/\/pgafarma.com.br\/wp-content\/uploads\/2022\/10\/Paula-Bertozzi-480x480.jpg 480w\" sizes=\"(max-width: 540px) 100vw, 540px\" \/>\t\t\t\t\t\t\t\t\t\t\t\t\t\t\t<\/div>\n\t\t\t\t<\/div>\n\t\t\t\t<section class=\"elementor-section elementor-inner-section elementor-element elementor-element-6c0fee02 elementor-section-boxed elementor-section-height-default elementor-section-height-default\" data-id=\"6c0fee02\" data-element_type=\"section\">\n\t\t\t\t\t\t<div class=\"elementor-container elementor-column-gap-default\">\n\t\t\t\t\t<div class=\"elementor-column elementor-col-100 elementor-inner-column elementor-element elementor-element-6be0cea6\" data-id=\"6be0cea6\" data-element_type=\"column\">\n\t\t\t<div class=\"elementor-widget-wrap elementor-element-populated\">\n\t\t\t\t\t\t<div class=\"elementor-element elementor-element-15869779 elementor-widget elementor-widget-heading\" data-id=\"15869779\" data-element_type=\"widget\" data-widget_type=\"heading.default\">\n\t\t\t\t<div class=\"elementor-widget-container\">\n\t\t\t\t\t<h2 class=\"elementor-heading-title elementor-size-default\">Paula Bertozzi<\/h2>\t\t\t\t<\/div>\n\t\t\t\t<\/div>\n\t\t\t\t<div class=\"elementor-element elementor-element-5dc47366 elementor-widget elementor-widget-heading\" data-id=\"5dc47366\" data-element_type=\"widget\" data-widget_type=\"heading.default\">\n\t\t\t\t<div class=\"elementor-widget-container\">\n\t\t\t\t\t<h2 class=\"elementor-heading-title elementor-size-default\">Project Manager<\/h2>\t\t\t\t<\/div>\n\t\t\t\t<\/div>\n\t\t\t\t\t<\/div>\n\t\t<\/div>\n\t\t\t\t\t<\/div>\n\t\t<\/section>\n\t\t\t\t\t<\/div>\n\t\t<\/div>\n\t\t\t\t<div class=\"elementor-column elementor-col-50 elementor-top-column elementor-element elementor-element-60ccd1c5\" data-id=\"60ccd1c5\" data-element_type=\"column\">\n\t\t\t<div class=\"elementor-widget-wrap elementor-element-populated\">\n\t\t\t\t\t\t<div class=\"elementor-element elementor-element-f518516 elementor-widget elementor-widget-shortcode\" data-id=\"f518516\" data-element_type=\"widget\" data-widget_type=\"shortcode.default\">\n\t\t\t\t<div class=\"elementor-widget-container\">\n\t\t\t\t\t\t\t<div class=\"elementor-shortcode\"><span><span><a href=\"https:\/\/pgafarma.com.br\/en\/\">Home<\/a><\/span><\/span><\/div>\n\t\t\t\t\t\t<\/div>\n\t\t\t\t<\/div>\n\t\t\t\t<div class=\"elementor-element elementor-element-cdadf77 elementor-widget elementor-widget-heading\" data-id=\"cdadf77\" data-element_type=\"widget\" data-widget_type=\"heading.default\">\n\t\t\t\t<div class=\"elementor-widget-container\">\n\t\t\t\t\t<h1 class=\"elementor-heading-title elementor-size-default\">Paula Bertozzi<\/h1>\t\t\t\t<\/div>\n\t\t\t\t<\/div>\n\t\t\t\t<div class=\"elementor-element elementor-element-9c2c67a elementor-widget elementor-widget-heading\" data-id=\"9c2c67a\" data-element_type=\"widget\" data-widget_type=\"heading.default\">\n\t\t\t\t<div class=\"elementor-widget-container\">\n\t\t\t\t\t<h2 class=\"elementor-heading-title elementor-size-default\">Project Manager in Patient Safety<\/h2>\t\t\t\t<\/div>\n\t\t\t\t<\/div>\n\t\t\t\t<div class=\"elementor-element elementor-element-8e6f0c0 elementor-widget elementor-widget-heading\" data-id=\"8e6f0c0\" data-element_type=\"widget\" data-widget_type=\"heading.default\">\n\t\t\t\t<div class=\"elementor-widget-container\">\n\t\t\t\t\t<h2 class=\"elementor-heading-title elementor-size-default\">At PGA Farma since January 2014<\/h2>\t\t\t\t<\/div>\n\t\t\t\t<\/div>\n\t\t\t\t<div class=\"elementor-element elementor-element-a168030 elementor-widget elementor-widget-heading\" data-id=\"a168030\" data-element_type=\"widget\" data-widget_type=\"heading.default\">\n\t\t\t\t<div class=\"elementor-widget-container\">\n\t\t\t\t\t<h2 class=\"elementor-heading-title elementor-size-default\"><span style=\"font-size: 17.6px\">An industrial pharmacist, graduated from Faculdades Metropolitanas Unidas with a postgraduate degree in Marketing by Universidade Makenzie. Paula started her career in the commercial area, but her professional development came from Patient Safety where she started over 10 years ago, as Medical Device Reporting (MDR) and Pharmacovigilance Associate; evolved to Pharmacovigilance Coordinator and more recently, acting as Patient Safety Manager.<\/span><\/h2>\t\t\t\t<\/div>\n\t\t\t\t<\/div>\n\t\t\t\t\t<\/div>\n\t\t<\/div>\n\t\t\t\t\t<\/div>\n\t\t<\/section>\n\t\t\t\t<\/div>","protected":false},"excerpt":{"rendered":"<p>Paula Bertozzi Gerente de Projetos Paula Bertozzi Gerente de Projetos da \u00c1rea de Seguran\u00e7a do Paciente Na PGA desde janeiro de 2014 Farmac\u00eautica industrial formada pela Faculdades Metropolitanas Unidas, p\u00f3s-graduada em Marketing<span class=\"more-dots\">&#8230;<\/span> <span class=\"more-tag\"><a class=\"more-link\" href=\"https:\/\/pgafarma.com.br\/en\/paula-bertozzi\/\">More<span class=\"screen-reader-text\"> \"Paula Bertozzi\"<\/span><\/a><\/span><!-- .more-tag --><\/p>","protected":false},"author":1,"featured_media":0,"parent":0,"menu_order":0,"comment_status":"closed","ping_status":"closed","template":"","meta":{"footnotes":""},"class_list":["post-5213","page","type-page","status-publish","hentry"],"yoast_head":"<!-- This site is optimized with the Yoast SEO plugin v26.3 - https:\/\/yoast.com\/wordpress\/plugins\/seo\/ -->\n<title>Paula Bertozzi: Inova\u00e7\u00e3o em Farmacovigil\u00e2ncia | PGA Farma<\/title>\n<meta name=\"description\" content=\"Paula Bertozzi une 20 anos de experi\u00eancia em farmacovigil\u00e2ncia e marketing. Saiba mais sobre sua jornada na PGA Farma\" \/>\n<meta name=\"robots\" content=\"index, follow, max-snippet:-1, max-image-preview:large, max-video-preview:-1\" \/>\n<link rel=\"canonical\" href=\"https:\/\/pgafarma.com.br\/en\/paula-bertozzi\/\" \/>\n<meta property=\"og:locale\" content=\"en_US\" \/>\n<meta property=\"og:type\" content=\"article\" \/>\n<meta property=\"og:title\" content=\"Paula Bertozzi: Inova\u00e7\u00e3o em Farmacovigil\u00e2ncia | PGA Farma\" \/>\n<meta property=\"og:description\" content=\"Paula Bertozzi une 20 anos de experi\u00eancia em farmacovigil\u00e2ncia e marketing. Saiba mais sobre sua jornada na PGA Farma\" \/>\n<meta property=\"og:url\" content=\"https:\/\/pgafarma.com.br\/en\/paula-bertozzi\/\" \/>\n<meta property=\"og:site_name\" content=\"PGA+\" \/>\n<meta property=\"article:modified_time\" content=\"2024-04-05T17:41:47+00:00\" \/>\n<meta property=\"og:image\" content=\"https:\/\/pgafarma.com.br\/wp-content\/uploads\/2022\/10\/Paula-Bertozzi.jpg\" \/>\n\t<meta property=\"og:image:width\" content=\"540\" \/>\n\t<meta property=\"og:image:height\" content=\"541\" \/>\n\t<meta property=\"og:image:type\" content=\"image\/jpeg\" \/>\n<meta name=\"twitter:card\" content=\"summary_large_image\" \/>\n<meta name=\"twitter:label1\" content=\"Est. reading time\" \/>\n\t<meta name=\"twitter:data1\" content=\"1 minute\" \/>\n<script type=\"application\/ld+json\" class=\"yoast-schema-graph\">{\"@context\":\"https:\/\/schema.org\",\"@graph\":[{\"@type\":\"WebPage\",\"@id\":\"https:\/\/pgafarma.com.br\/paula-bertozzi\/\",\"url\":\"https:\/\/pgafarma.com.br\/paula-bertozzi\/\",\"name\":\"Paula Bertozzi: Inova\u00e7\u00e3o em Farmacovigil\u00e2ncia | PGA Farma\",\"isPartOf\":{\"@id\":\"https:\/\/pgafarma.com.br\/#website\"},\"primaryImageOfPage\":{\"@id\":\"https:\/\/pgafarma.com.br\/paula-bertozzi\/#primaryimage\"},\"image\":{\"@id\":\"https:\/\/pgafarma.com.br\/paula-bertozzi\/#primaryimage\"},\"thumbnailUrl\":\"https:\/\/pgafarma.com.br\/wp-content\/uploads\/2022\/10\/Paula-Bertozzi.jpg\",\"datePublished\":\"2022-11-03T13:34:04+00:00\",\"dateModified\":\"2024-04-05T17:41:47+00:00\",\"description\":\"Paula Bertozzi une 20 anos de experi\u00eancia em farmacovigil\u00e2ncia e marketing. Saiba mais sobre sua jornada na PGA Farma\",\"breadcrumb\":{\"@id\":\"https:\/\/pgafarma.com.br\/paula-bertozzi\/#breadcrumb\"},\"inLanguage\":\"en-US\",\"potentialAction\":[{\"@type\":\"ReadAction\",\"target\":[\"https:\/\/pgafarma.com.br\/paula-bertozzi\/\"]}]},{\"@type\":\"ImageObject\",\"inLanguage\":\"en-US\",\"@id\":\"https:\/\/pgafarma.com.br\/paula-bertozzi\/#primaryimage\",\"url\":\"https:\/\/pgafarma.com.br\/wp-content\/uploads\/2022\/10\/Paula-Bertozzi.jpg\",\"contentUrl\":\"https:\/\/pgafarma.com.br\/wp-content\/uploads\/2022\/10\/Paula-Bertozzi.jpg\"},{\"@type\":\"BreadcrumbList\",\"@id\":\"https:\/\/pgafarma.com.br\/paula-bertozzi\/#breadcrumb\",\"itemListElement\":[{\"@type\":\"ListItem\",\"position\":1,\"name\":\"Home\",\"item\":\"https:\/\/pgafarma.com.br\/\"},{\"@type\":\"ListItem\",\"position\":2,\"name\":\"Paula Bertozzi\"}]},{\"@type\":\"WebSite\",\"@id\":\"https:\/\/pgafarma.com.br\/#website\",\"url\":\"https:\/\/pgafarma.com.br\/\",\"name\":\"PGA Farma\",\"description\":\"Consultoria m\u00e9dico-farmac\u00eautica\",\"publisher\":{\"@id\":\"https:\/\/pgafarma.com.br\/#organization\"},\"potentialAction\":[{\"@type\":\"SearchAction\",\"target\":{\"@type\":\"EntryPoint\",\"urlTemplate\":\"https:\/\/pgafarma.com.br\/?s={search_term_string}\"},\"query-input\":{\"@type\":\"PropertyValueSpecification\",\"valueRequired\":true,\"valueName\":\"search_term_string\"}}],\"inLanguage\":\"en-US\"},{\"@type\":\"Organization\",\"@id\":\"https:\/\/pgafarma.com.br\/#organization\",\"name\":\"PGA Farma\",\"url\":\"https:\/\/pgafarma.com.br\/\",\"logo\":{\"@type\":\"ImageObject\",\"inLanguage\":\"en-US\",\"@id\":\"https:\/\/pgafarma.com.br\/#\/schema\/logo\/image\/\",\"url\":\"https:\/\/pgafarma.com.br\/wp-content\/uploads\/2025\/06\/logo_institucional_3.png\",\"contentUrl\":\"https:\/\/pgafarma.com.br\/wp-content\/uploads\/2025\/06\/logo_institucional_3.png\",\"width\":192,\"height\":85,\"caption\":\"PGA Farma\"},\"image\":{\"@id\":\"https:\/\/pgafarma.com.br\/#\/schema\/logo\/image\/\"}}]}<\/script>\n<!-- \/ Yoast SEO plugin. -->","yoast_head_json":{"title":"Paula Bertozzi: Inova\u00e7\u00e3o em Farmacovigil\u00e2ncia | PGA Farma","description":"Paula Bertozzi une 20 anos de experi\u00eancia em farmacovigil\u00e2ncia e marketing. Saiba mais sobre sua jornada na PGA Farma","robots":{"index":"index","follow":"follow","max-snippet":"max-snippet:-1","max-image-preview":"max-image-preview:large","max-video-preview":"max-video-preview:-1"},"canonical":"https:\/\/pgafarma.com.br\/en\/paula-bertozzi\/","og_locale":"en_US","og_type":"article","og_title":"Paula Bertozzi: Inova\u00e7\u00e3o em Farmacovigil\u00e2ncia | PGA Farma","og_description":"Paula Bertozzi une 20 anos de experi\u00eancia em farmacovigil\u00e2ncia e marketing. Saiba mais sobre sua jornada na PGA Farma","og_url":"https:\/\/pgafarma.com.br\/en\/paula-bertozzi\/","og_site_name":"PGA+","article_modified_time":"2024-04-05T17:41:47+00:00","og_image":[{"width":540,"height":541,"url":"https:\/\/pgafarma.com.br\/wp-content\/uploads\/2022\/10\/Paula-Bertozzi.jpg","type":"image\/jpeg"}],"twitter_card":"summary_large_image","twitter_misc":{"Est. reading time":"1 minute"},"schema":{"@context":"https:\/\/schema.org","@graph":[{"@type":"WebPage","@id":"https:\/\/pgafarma.com.br\/paula-bertozzi\/","url":"https:\/\/pgafarma.com.br\/paula-bertozzi\/","name":"Paula Bertozzi: Inova\u00e7\u00e3o em Farmacovigil\u00e2ncia | PGA Farma","isPartOf":{"@id":"https:\/\/pgafarma.com.br\/#website"},"primaryImageOfPage":{"@id":"https:\/\/pgafarma.com.br\/paula-bertozzi\/#primaryimage"},"image":{"@id":"https:\/\/pgafarma.com.br\/paula-bertozzi\/#primaryimage"},"thumbnailUrl":"https:\/\/pgafarma.com.br\/wp-content\/uploads\/2022\/10\/Paula-Bertozzi.jpg","datePublished":"2022-11-03T13:34:04+00:00","dateModified":"2024-04-05T17:41:47+00:00","description":"Paula Bertozzi une 20 anos de experi\u00eancia em farmacovigil\u00e2ncia e marketing. Saiba mais sobre sua jornada na PGA Farma","breadcrumb":{"@id":"https:\/\/pgafarma.com.br\/paula-bertozzi\/#breadcrumb"},"inLanguage":"en-US","potentialAction":[{"@type":"ReadAction","target":["https:\/\/pgafarma.com.br\/paula-bertozzi\/"]}]},{"@type":"ImageObject","inLanguage":"en-US","@id":"https:\/\/pgafarma.com.br\/paula-bertozzi\/#primaryimage","url":"https:\/\/pgafarma.com.br\/wp-content\/uploads\/2022\/10\/Paula-Bertozzi.jpg","contentUrl":"https:\/\/pgafarma.com.br\/wp-content\/uploads\/2022\/10\/Paula-Bertozzi.jpg"},{"@type":"BreadcrumbList","@id":"https:\/\/pgafarma.com.br\/paula-bertozzi\/#breadcrumb","itemListElement":[{"@type":"ListItem","position":1,"name":"Home","item":"https:\/\/pgafarma.com.br\/"},{"@type":"ListItem","position":2,"name":"Paula Bertozzi"}]},{"@type":"WebSite","@id":"https:\/\/pgafarma.com.br\/#website","url":"https:\/\/pgafarma.com.br\/","name":"PGA Farma","description":"Medical-pharmaceutical solutions","publisher":{"@id":"https:\/\/pgafarma.com.br\/#organization"},"potentialAction":[{"@type":"SearchAction","target":{"@type":"EntryPoint","urlTemplate":"https:\/\/pgafarma.com.br\/?s={search_term_string}"},"query-input":{"@type":"PropertyValueSpecification","valueRequired":true,"valueName":"search_term_string"}}],"inLanguage":"en-US"},{"@type":"Organization","@id":"https:\/\/pgafarma.com.br\/#organization","name":"PGA Farma","url":"https:\/\/pgafarma.com.br\/","logo":{"@type":"ImageObject","inLanguage":"en-US","@id":"https:\/\/pgafarma.com.br\/#\/schema\/logo\/image\/","url":"https:\/\/pgafarma.com.br\/wp-content\/uploads\/2025\/06\/logo_institucional_3.png","contentUrl":"https:\/\/pgafarma.com.br\/wp-content\/uploads\/2025\/06\/logo_institucional_3.png","width":192,"height":85,"caption":"PGA Farma"},"image":{"@id":"https:\/\/pgafarma.com.br\/#\/schema\/logo\/image\/"}}]}},"_links":{"self":[{"href":"https:\/\/pgafarma.com.br\/en\/wp-json\/wp\/v2\/pages\/5213","targetHints":{"allow":["GET"]}}],"collection":[{"href":"https:\/\/pgafarma.com.br\/en\/wp-json\/wp\/v2\/pages"}],"about":[{"href":"https:\/\/pgafarma.com.br\/en\/wp-json\/wp\/v2\/types\/page"}],"author":[{"embeddable":true,"href":"https:\/\/pgafarma.com.br\/en\/wp-json\/wp\/v2\/users\/1"}],"replies":[{"embeddable":true,"href":"https:\/\/pgafarma.com.br\/en\/wp-json\/wp\/v2\/comments?post=5213"}],"version-history":[{"count":23,"href":"https:\/\/pgafarma.com.br\/en\/wp-json\/wp\/v2\/pages\/5213\/revisions"}],"predecessor-version":[{"id":5846,"href":"https:\/\/pgafarma.com.br\/en\/wp-json\/wp\/v2\/pages\/5213\/revisions\/5846"}],"wp:attachment":[{"href":"https:\/\/pgafarma.com.br\/en\/wp-json\/wp\/v2\/media?parent=5213"}],"curies":[{"name":"wp","href":"https:\/\/api.w.org\/{rel}","templated":true}]}}