{"id":5205,"date":"2022-11-03T10:28:09","date_gmt":"2022-11-03T13:28:09","guid":{"rendered":"http:\/\/dev.pgafarma.com.br\/?page_id=5205"},"modified":"2024-04-05T11:46:31","modified_gmt":"2024-04-05T14:46:31","slug":"gislaine-capeleti","status":"publish","type":"page","link":"https:\/\/pgafarma.com.br\/en\/gislaine-capeleti\/","title":{"rendered":"Gislaine Capeleti"},"content":{"rendered":"<div data-elementor-type=\"wp-page\" data-elementor-id=\"5205\" class=\"elementor elementor-5205\">\n\t\t\t\t\t\t<section class=\"elementor-section elementor-top-section elementor-element elementor-element-30279731 elementor-section-boxed elementor-section-height-default elementor-section-height-default\" data-id=\"30279731\" data-element_type=\"section\">\n\t\t\t\t\t\t<div class=\"elementor-container elementor-column-gap-default\">\n\t\t\t\t\t<div class=\"elementor-column elementor-col-50 elementor-top-column elementor-element elementor-element-e9817a2\" data-id=\"e9817a2\" data-element_type=\"column\">\n\t\t\t<div class=\"elementor-widget-wrap elementor-element-populated\">\n\t\t\t\t\t\t<div class=\"elementor-element elementor-element-8ad89b7 elementor-widget elementor-widget-image\" data-id=\"8ad89b7\" data-element_type=\"widget\" data-widget_type=\"image.default\">\n\t\t\t\t<div class=\"elementor-widget-container\">\n\t\t\t\t\t\t\t\t\t\t\t\t\t\t\t<img fetchpriority=\"high\" decoding=\"async\" width=\"540\" height=\"541\" src=\"https:\/\/pgafarma.com.br\/wp-content\/uploads\/2022\/10\/Gislaine-Capeleti.jpg\" class=\"attachment-large size-large wp-image-4924\" alt=\"Foto de uma mulher sorrindo, cabelos castanhos escuros compridos, a mo\u00e7a veste uma blusa de tric\u00f4 azul e esta sorrindo olhando para a c\u00e2mera, ao fundo se ve um escrit\u00f3rio em uma imagem de fundo sem foco\" srcset=\"https:\/\/pgafarma.com.br\/wp-content\/uploads\/2022\/10\/Gislaine-Capeleti.jpg 540w, https:\/\/pgafarma.com.br\/wp-content\/uploads\/2022\/10\/Gislaine-Capeleti-300x300.jpg 300w, https:\/\/pgafarma.com.br\/wp-content\/uploads\/2022\/10\/Gislaine-Capeleti-150x150.jpg 150w, https:\/\/pgafarma.com.br\/wp-content\/uploads\/2022\/10\/Gislaine-Capeleti-480x480.jpg 480w\" sizes=\"(max-width: 540px) 100vw, 540px\" \/>\t\t\t\t\t\t\t\t\t\t\t\t\t\t\t<\/div>\n\t\t\t\t<\/div>\n\t\t\t\t<section class=\"elementor-section elementor-inner-section elementor-element elementor-element-6c0fee02 elementor-section-boxed elementor-section-height-default elementor-section-height-default\" data-id=\"6c0fee02\" data-element_type=\"section\">\n\t\t\t\t\t\t<div class=\"elementor-container elementor-column-gap-default\">\n\t\t\t\t\t<div class=\"elementor-column elementor-col-100 elementor-inner-column elementor-element elementor-element-6be0cea6\" data-id=\"6be0cea6\" data-element_type=\"column\">\n\t\t\t<div class=\"elementor-widget-wrap elementor-element-populated\">\n\t\t\t\t\t\t<div class=\"elementor-element elementor-element-15869779 elementor-widget elementor-widget-heading\" data-id=\"15869779\" data-element_type=\"widget\" data-widget_type=\"heading.default\">\n\t\t\t\t<div class=\"elementor-widget-container\">\n\t\t\t\t\t<h2 class=\"elementor-heading-title elementor-size-default\">Gislaine Capeleti<\/h2>\t\t\t\t<\/div>\n\t\t\t\t<\/div>\n\t\t\t\t<div class=\"elementor-element elementor-element-5dc47366 elementor-widget elementor-widget-heading\" data-id=\"5dc47366\" data-element_type=\"widget\" data-widget_type=\"heading.default\">\n\t\t\t\t<div class=\"elementor-widget-container\">\n\t\t\t\t\t<h2 class=\"elementor-heading-title elementor-size-default\">Project Manager<\/h2>\t\t\t\t<\/div>\n\t\t\t\t<\/div>\n\t\t\t\t<div class=\"elementor-element elementor-element-2d8af80 elementor-widget elementor-widget-elementskit-social-media\" data-id=\"2d8af80\" data-element_type=\"widget\" data-widget_type=\"elementskit-social-media.default\">\n\t\t\t\t<div class=\"elementor-widget-container\">\n\t\t\t\t\t<div class=\"ekit-wid-con\" >\t\t\t <ul class=\"ekit_social_media\">\n\t\t\t\t\t\t\t\t\t\t\t\t\t\t<li class=\"elementor-repeater-item-affd881\">\n\t\t\t\t\t    <a\n\t\t\t\t\t\thref=\"https:\/\/www.linkedin.com\/in\/gislainecapeleti\/\" aria-label=\"LinkedIn\" class=\"linkedin\" >\n\t\t\t\t\t\t\t\n\t\t\t\t\t\t\t<i aria-hidden=\"true\" class=\"icon icon-linkedin\"><\/i>\n                                                                                                            <\/a>\n                    <\/li>\n                    \t\t\t\t\t\t\t<\/ul>\n\t\t<\/div>\t\t\t\t<\/div>\n\t\t\t\t<\/div>\n\t\t\t\t\t<\/div>\n\t\t<\/div>\n\t\t\t\t\t<\/div>\n\t\t<\/section>\n\t\t\t\t\t<\/div>\n\t\t<\/div>\n\t\t\t\t<div class=\"elementor-column elementor-col-50 elementor-top-column elementor-element elementor-element-60ccd1c5\" data-id=\"60ccd1c5\" data-element_type=\"column\">\n\t\t\t<div class=\"elementor-widget-wrap elementor-element-populated\">\n\t\t\t\t\t\t<div class=\"elementor-element elementor-element-de28e7e elementor-widget elementor-widget-shortcode\" data-id=\"de28e7e\" data-element_type=\"widget\" data-widget_type=\"shortcode.default\">\n\t\t\t\t<div class=\"elementor-widget-container\">\n\t\t\t\t\t\t\t<div class=\"elementor-shortcode\"><span><span><a href=\"https:\/\/pgafarma.com.br\/en\/\">Home<\/a><\/span><\/span><\/div>\n\t\t\t\t\t\t<\/div>\n\t\t\t\t<\/div>\n\t\t\t\t<div class=\"elementor-element elementor-element-cdadf77 elementor-widget elementor-widget-heading\" data-id=\"cdadf77\" data-element_type=\"widget\" data-widget_type=\"heading.default\">\n\t\t\t\t<div class=\"elementor-widget-container\">\n\t\t\t\t\t<h1 class=\"elementor-heading-title elementor-size-default\">Gislaine Capeleti<\/h1>\t\t\t\t<\/div>\n\t\t\t\t<\/div>\n\t\t\t\t<div class=\"elementor-element elementor-element-9c2c67a elementor-widget elementor-widget-heading\" data-id=\"9c2c67a\" data-element_type=\"widget\" data-widget_type=\"heading.default\">\n\t\t\t\t<div class=\"elementor-widget-container\">\n\t\t\t\t\t<h2 class=\"elementor-heading-title elementor-size-default\">Project Manager in Patient Safety <br>Clinical Research Support<\/h2>\t\t\t\t<\/div>\n\t\t\t\t<\/div>\n\t\t\t\t<div class=\"elementor-element elementor-element-8e6f0c0 elementor-widget elementor-widget-heading\" data-id=\"8e6f0c0\" data-element_type=\"widget\" data-widget_type=\"heading.default\">\n\t\t\t\t<div class=\"elementor-widget-container\">\n\t\t\t\t\t<h2 class=\"elementor-heading-title elementor-size-default\">At PGA Farma since November 2020<\/h2>\t\t\t\t<\/div>\n\t\t\t\t<\/div>\n\t\t\t\t<div class=\"elementor-element elementor-element-a168030 elementor-widget elementor-widget-heading\" data-id=\"a168030\" data-element_type=\"widget\" data-widget_type=\"heading.default\">\n\t\t\t\t<div class=\"elementor-widget-container\">\n\t\t\t\t\t<h2 class=\"elementor-heading-title elementor-size-default\"><span style=\"font-size: 17.6px\">Pharmacist graduated from Universidade S\u00e3o Judas Tadeu, with an MBA in Business Management from Funda\u00e7\u00e3o Get\u00falio Vargas and specialist in Pharmacoeconomics from Universidad La Salle de M\u00e9xico, Gislaine has been working in pharmacovigilance for almost 20 years, both in post-market data analysis and in clinical research, developing projects in different national and multinational companies.<\/span><\/h2>\t\t\t\t<\/div>\n\t\t\t\t<\/div>\n\t\t\t\t\t<\/div>\n\t\t<\/div>\n\t\t\t\t\t<\/div>\n\t\t<\/section>\n\t\t\t\t<\/div>","protected":false},"excerpt":{"rendered":"<p>Gislaine Capeleti Gerente de Projetos Gislaine Capeleti Gerente de Projetos em Seguran\u00e7a do Paciente e Apoio \u00e0 Pesquisa Cl\u00ednica Na PGA desde novembro de 2020 Farmac\u00eautica formada pela Universidade S\u00e3o Judas Tadeu,<span class=\"more-dots\">&#8230;<\/span> <span class=\"more-tag\"><a class=\"more-link\" href=\"https:\/\/pgafarma.com.br\/en\/gislaine-capeleti\/\">More<span class=\"screen-reader-text\"> \"Gislaine Capeleti\"<\/span><\/a><\/span><!-- .more-tag --><\/p>","protected":false},"author":1,"featured_media":0,"parent":0,"menu_order":0,"comment_status":"closed","ping_status":"closed","template":"","meta":{"footnotes":""},"class_list":["post-5205","page","type-page","status-publish","hentry"],"yoast_head":"<!-- This site is optimized with the Yoast SEO plugin v26.3 - https:\/\/yoast.com\/wordpress\/plugins\/seo\/ -->\n<title>Gislaine Capeleti: Gerente de Projetos | PGA Farma<\/title>\n<meta name=\"description\" content=\"Conhe\u00e7a a Gislaine Capeleti, Gerente de Projetos na PGA Farma, com 20 anos dedicados \u00e0 seguran\u00e7a do paciente. Saiba mais sobre o seu perfil.\" \/>\n<meta name=\"robots\" content=\"index, follow, max-snippet:-1, max-image-preview:large, max-video-preview:-1\" \/>\n<link rel=\"canonical\" href=\"https:\/\/pgafarma.com.br\/en\/gislaine-capeleti\/\" \/>\n<meta property=\"og:locale\" content=\"en_US\" \/>\n<meta property=\"og:type\" content=\"article\" \/>\n<meta property=\"og:title\" content=\"Gislaine Capeleti: Gerente de Projetos | PGA Farma\" \/>\n<meta property=\"og:description\" content=\"Conhe\u00e7a a Gislaine Capeleti, Gerente de Projetos na PGA Farma, com 20 anos dedicados \u00e0 seguran\u00e7a do paciente. Saiba mais sobre o seu perfil.\" \/>\n<meta property=\"og:url\" content=\"https:\/\/pgafarma.com.br\/en\/gislaine-capeleti\/\" \/>\n<meta property=\"og:site_name\" content=\"PGA+\" \/>\n<meta property=\"article:modified_time\" content=\"2024-04-05T14:46:31+00:00\" \/>\n<meta property=\"og:image\" content=\"https:\/\/pgafarma.com.br\/wp-content\/uploads\/2022\/10\/Gislaine-Capeleti.jpg\" \/>\n\t<meta property=\"og:image:width\" content=\"540\" \/>\n\t<meta property=\"og:image:height\" content=\"541\" \/>\n\t<meta property=\"og:image:type\" content=\"image\/jpeg\" \/>\n<meta name=\"twitter:card\" content=\"summary_large_image\" \/>\n<meta name=\"twitter:label1\" content=\"Est. reading time\" \/>\n\t<meta name=\"twitter:data1\" content=\"2 minutes\" \/>\n<script type=\"application\/ld+json\" class=\"yoast-schema-graph\">{\"@context\":\"https:\/\/schema.org\",\"@graph\":[{\"@type\":\"WebPage\",\"@id\":\"https:\/\/pgafarma.com.br\/gislaine-capeleti\/\",\"url\":\"https:\/\/pgafarma.com.br\/gislaine-capeleti\/\",\"name\":\"Gislaine Capeleti: Gerente de Projetos | PGA Farma\",\"isPartOf\":{\"@id\":\"https:\/\/pgafarma.com.br\/#website\"},\"primaryImageOfPage\":{\"@id\":\"https:\/\/pgafarma.com.br\/gislaine-capeleti\/#primaryimage\"},\"image\":{\"@id\":\"https:\/\/pgafarma.com.br\/gislaine-capeleti\/#primaryimage\"},\"thumbnailUrl\":\"https:\/\/pgafarma.com.br\/wp-content\/uploads\/2022\/10\/Gislaine-Capeleti.jpg\",\"datePublished\":\"2022-11-03T13:28:09+00:00\",\"dateModified\":\"2024-04-05T14:46:31+00:00\",\"description\":\"Conhe\u00e7a a Gislaine Capeleti, Gerente de Projetos na PGA Farma, com 20 anos dedicados \u00e0 seguran\u00e7a do paciente. Saiba mais sobre o seu perfil.\",\"breadcrumb\":{\"@id\":\"https:\/\/pgafarma.com.br\/gislaine-capeleti\/#breadcrumb\"},\"inLanguage\":\"en-US\",\"potentialAction\":[{\"@type\":\"ReadAction\",\"target\":[\"https:\/\/pgafarma.com.br\/gislaine-capeleti\/\"]}]},{\"@type\":\"ImageObject\",\"inLanguage\":\"en-US\",\"@id\":\"https:\/\/pgafarma.com.br\/gislaine-capeleti\/#primaryimage\",\"url\":\"https:\/\/pgafarma.com.br\/wp-content\/uploads\/2022\/10\/Gislaine-Capeleti.jpg\",\"contentUrl\":\"https:\/\/pgafarma.com.br\/wp-content\/uploads\/2022\/10\/Gislaine-Capeleti.jpg\"},{\"@type\":\"BreadcrumbList\",\"@id\":\"https:\/\/pgafarma.com.br\/gislaine-capeleti\/#breadcrumb\",\"itemListElement\":[{\"@type\":\"ListItem\",\"position\":1,\"name\":\"Home\",\"item\":\"https:\/\/pgafarma.com.br\/\"},{\"@type\":\"ListItem\",\"position\":2,\"name\":\"Gislaine Capeleti\"}]},{\"@type\":\"WebSite\",\"@id\":\"https:\/\/pgafarma.com.br\/#website\",\"url\":\"https:\/\/pgafarma.com.br\/\",\"name\":\"PGA Farma\",\"description\":\"Consultoria m\u00e9dico-farmac\u00eautica\",\"publisher\":{\"@id\":\"https:\/\/pgafarma.com.br\/#organization\"},\"potentialAction\":[{\"@type\":\"SearchAction\",\"target\":{\"@type\":\"EntryPoint\",\"urlTemplate\":\"https:\/\/pgafarma.com.br\/?s={search_term_string}\"},\"query-input\":{\"@type\":\"PropertyValueSpecification\",\"valueRequired\":true,\"valueName\":\"search_term_string\"}}],\"inLanguage\":\"en-US\"},{\"@type\":\"Organization\",\"@id\":\"https:\/\/pgafarma.com.br\/#organization\",\"name\":\"PGA Farma\",\"url\":\"https:\/\/pgafarma.com.br\/\",\"logo\":{\"@type\":\"ImageObject\",\"inLanguage\":\"en-US\",\"@id\":\"https:\/\/pgafarma.com.br\/#\/schema\/logo\/image\/\",\"url\":\"https:\/\/pgafarma.com.br\/wp-content\/uploads\/2025\/06\/logo_institucional_3.png\",\"contentUrl\":\"https:\/\/pgafarma.com.br\/wp-content\/uploads\/2025\/06\/logo_institucional_3.png\",\"width\":192,\"height\":85,\"caption\":\"PGA Farma\"},\"image\":{\"@id\":\"https:\/\/pgafarma.com.br\/#\/schema\/logo\/image\/\"}}]}<\/script>\n<!-- \/ Yoast SEO plugin. -->","yoast_head_json":{"title":"Gislaine Capeleti: Gerente de Projetos | PGA Farma","description":"Conhe\u00e7a a Gislaine Capeleti, Gerente de Projetos na PGA Farma, com 20 anos dedicados \u00e0 seguran\u00e7a do paciente. Saiba mais sobre o seu perfil.","robots":{"index":"index","follow":"follow","max-snippet":"max-snippet:-1","max-image-preview":"max-image-preview:large","max-video-preview":"max-video-preview:-1"},"canonical":"https:\/\/pgafarma.com.br\/en\/gislaine-capeleti\/","og_locale":"en_US","og_type":"article","og_title":"Gislaine Capeleti: Gerente de Projetos | PGA Farma","og_description":"Conhe\u00e7a a Gislaine Capeleti, Gerente de Projetos na PGA Farma, com 20 anos dedicados \u00e0 seguran\u00e7a do paciente. Saiba mais sobre o seu perfil.","og_url":"https:\/\/pgafarma.com.br\/en\/gislaine-capeleti\/","og_site_name":"PGA+","article_modified_time":"2024-04-05T14:46:31+00:00","og_image":[{"width":540,"height":541,"url":"https:\/\/pgafarma.com.br\/wp-content\/uploads\/2022\/10\/Gislaine-Capeleti.jpg","type":"image\/jpeg"}],"twitter_card":"summary_large_image","twitter_misc":{"Est. reading time":"2 minutes"},"schema":{"@context":"https:\/\/schema.org","@graph":[{"@type":"WebPage","@id":"https:\/\/pgafarma.com.br\/gislaine-capeleti\/","url":"https:\/\/pgafarma.com.br\/gislaine-capeleti\/","name":"Gislaine Capeleti: Gerente de Projetos | PGA Farma","isPartOf":{"@id":"https:\/\/pgafarma.com.br\/#website"},"primaryImageOfPage":{"@id":"https:\/\/pgafarma.com.br\/gislaine-capeleti\/#primaryimage"},"image":{"@id":"https:\/\/pgafarma.com.br\/gislaine-capeleti\/#primaryimage"},"thumbnailUrl":"https:\/\/pgafarma.com.br\/wp-content\/uploads\/2022\/10\/Gislaine-Capeleti.jpg","datePublished":"2022-11-03T13:28:09+00:00","dateModified":"2024-04-05T14:46:31+00:00","description":"Conhe\u00e7a a Gislaine Capeleti, Gerente de Projetos na PGA Farma, com 20 anos dedicados \u00e0 seguran\u00e7a do paciente. Saiba mais sobre o seu perfil.","breadcrumb":{"@id":"https:\/\/pgafarma.com.br\/gislaine-capeleti\/#breadcrumb"},"inLanguage":"en-US","potentialAction":[{"@type":"ReadAction","target":["https:\/\/pgafarma.com.br\/gislaine-capeleti\/"]}]},{"@type":"ImageObject","inLanguage":"en-US","@id":"https:\/\/pgafarma.com.br\/gislaine-capeleti\/#primaryimage","url":"https:\/\/pgafarma.com.br\/wp-content\/uploads\/2022\/10\/Gislaine-Capeleti.jpg","contentUrl":"https:\/\/pgafarma.com.br\/wp-content\/uploads\/2022\/10\/Gislaine-Capeleti.jpg"},{"@type":"BreadcrumbList","@id":"https:\/\/pgafarma.com.br\/gislaine-capeleti\/#breadcrumb","itemListElement":[{"@type":"ListItem","position":1,"name":"Home","item":"https:\/\/pgafarma.com.br\/"},{"@type":"ListItem","position":2,"name":"Gislaine Capeleti"}]},{"@type":"WebSite","@id":"https:\/\/pgafarma.com.br\/#website","url":"https:\/\/pgafarma.com.br\/","name":"PGA Farma","description":"Medical-pharmaceutical solutions","publisher":{"@id":"https:\/\/pgafarma.com.br\/#organization"},"potentialAction":[{"@type":"SearchAction","target":{"@type":"EntryPoint","urlTemplate":"https:\/\/pgafarma.com.br\/?s={search_term_string}"},"query-input":{"@type":"PropertyValueSpecification","valueRequired":true,"valueName":"search_term_string"}}],"inLanguage":"en-US"},{"@type":"Organization","@id":"https:\/\/pgafarma.com.br\/#organization","name":"PGA Farma","url":"https:\/\/pgafarma.com.br\/","logo":{"@type":"ImageObject","inLanguage":"en-US","@id":"https:\/\/pgafarma.com.br\/#\/schema\/logo\/image\/","url":"https:\/\/pgafarma.com.br\/wp-content\/uploads\/2025\/06\/logo_institucional_3.png","contentUrl":"https:\/\/pgafarma.com.br\/wp-content\/uploads\/2025\/06\/logo_institucional_3.png","width":192,"height":85,"caption":"PGA Farma"},"image":{"@id":"https:\/\/pgafarma.com.br\/#\/schema\/logo\/image\/"}}]}},"_links":{"self":[{"href":"https:\/\/pgafarma.com.br\/en\/wp-json\/wp\/v2\/pages\/5205","targetHints":{"allow":["GET"]}}],"collection":[{"href":"https:\/\/pgafarma.com.br\/en\/wp-json\/wp\/v2\/pages"}],"about":[{"href":"https:\/\/pgafarma.com.br\/en\/wp-json\/wp\/v2\/types\/page"}],"author":[{"embeddable":true,"href":"https:\/\/pgafarma.com.br\/en\/wp-json\/wp\/v2\/users\/1"}],"replies":[{"embeddable":true,"href":"https:\/\/pgafarma.com.br\/en\/wp-json\/wp\/v2\/comments?post=5205"}],"version-history":[{"count":23,"href":"https:\/\/pgafarma.com.br\/en\/wp-json\/wp\/v2\/pages\/5205\/revisions"}],"predecessor-version":[{"id":5787,"href":"https:\/\/pgafarma.com.br\/en\/wp-json\/wp\/v2\/pages\/5205\/revisions\/5787"}],"wp:attachment":[{"href":"https:\/\/pgafarma.com.br\/en\/wp-json\/wp\/v2\/media?parent=5205"}],"curies":[{"name":"wp","href":"https:\/\/api.w.org\/{rel}","templated":true}]}}