{"id":5198,"date":"2022-11-03T10:23:51","date_gmt":"2022-11-03T13:23:51","guid":{"rendered":"http:\/\/dev.pgafarma.com.br\/?page_id=5198"},"modified":"2024-04-05T14:41:08","modified_gmt":"2024-04-05T17:41:08","slug":"juliana-vinsentin","status":"publish","type":"page","link":"https:\/\/pgafarma.com.br\/en\/juliana-vinsentin\/","title":{"rendered":"Juliana Visentin"},"content":{"rendered":"<div data-elementor-type=\"wp-page\" data-elementor-id=\"5198\" class=\"elementor elementor-5198\">\n\t\t\t\t\t\t<section class=\"elementor-section elementor-top-section elementor-element elementor-element-30279731 elementor-section-boxed elementor-section-height-default elementor-section-height-default\" data-id=\"30279731\" data-element_type=\"section\">\n\t\t\t\t\t\t<div class=\"elementor-container elementor-column-gap-default\">\n\t\t\t\t\t<div class=\"elementor-column elementor-col-50 elementor-top-column elementor-element elementor-element-e9817a2\" data-id=\"e9817a2\" data-element_type=\"column\">\n\t\t\t<div class=\"elementor-widget-wrap elementor-element-populated\">\n\t\t\t\t\t\t<div class=\"elementor-element elementor-element-8ad89b7 elementor-widget elementor-widget-image\" data-id=\"8ad89b7\" data-element_type=\"widget\" data-widget_type=\"image.default\">\n\t\t\t\t<div class=\"elementor-widget-container\">\n\t\t\t\t\t\t\t\t\t\t\t\t\t\t\t<img fetchpriority=\"high\" decoding=\"async\" width=\"540\" height=\"541\" src=\"https:\/\/pgafarma.com.br\/wp-content\/uploads\/2022\/10\/Juliana-Visentin.jpg\" class=\"attachment-large size-large wp-image-4923\" alt=\"A foto mostra uma mulher com cabelos nos ombros, com luzes, sorrindo. a mo\u00e7a esta usando aparelho nos dentes. Se trata de uma das executivas da PGA Farma, Juliana Visentin\" srcset=\"https:\/\/pgafarma.com.br\/wp-content\/uploads\/2022\/10\/Juliana-Visentin.jpg 540w, https:\/\/pgafarma.com.br\/wp-content\/uploads\/2022\/10\/Juliana-Visentin-300x300.jpg 300w, https:\/\/pgafarma.com.br\/wp-content\/uploads\/2022\/10\/Juliana-Visentin-150x150.jpg 150w, https:\/\/pgafarma.com.br\/wp-content\/uploads\/2022\/10\/Juliana-Visentin-480x480.jpg 480w\" sizes=\"(max-width: 540px) 100vw, 540px\" \/>\t\t\t\t\t\t\t\t\t\t\t\t\t\t\t<\/div>\n\t\t\t\t<\/div>\n\t\t\t\t<section class=\"elementor-section elementor-inner-section elementor-element elementor-element-6c0fee02 elementor-section-boxed elementor-section-height-default elementor-section-height-default\" data-id=\"6c0fee02\" data-element_type=\"section\">\n\t\t\t\t\t\t<div class=\"elementor-container elementor-column-gap-default\">\n\t\t\t\t\t<div class=\"elementor-column elementor-col-100 elementor-inner-column elementor-element elementor-element-6be0cea6\" data-id=\"6be0cea6\" data-element_type=\"column\">\n\t\t\t<div class=\"elementor-widget-wrap elementor-element-populated\">\n\t\t\t\t\t\t<div class=\"elementor-element elementor-element-15869779 elementor-widget elementor-widget-heading\" data-id=\"15869779\" data-element_type=\"widget\" data-widget_type=\"heading.default\">\n\t\t\t\t<div class=\"elementor-widget-container\">\n\t\t\t\t\t<h2 class=\"elementor-heading-title elementor-size-default\">Juliana Visentin<\/h2>\t\t\t\t<\/div>\n\t\t\t\t<\/div>\n\t\t\t\t<div class=\"elementor-element elementor-element-5dc47366 elementor-widget elementor-widget-heading\" data-id=\"5dc47366\" data-element_type=\"widget\" data-widget_type=\"heading.default\">\n\t\t\t\t<div class=\"elementor-widget-container\">\n\t\t\t\t\t<h2 class=\"elementor-heading-title elementor-size-default\">Project Manager <\/h2>\t\t\t\t<\/div>\n\t\t\t\t<\/div>\n\t\t\t\t\t<\/div>\n\t\t<\/div>\n\t\t\t\t\t<\/div>\n\t\t<\/section>\n\t\t\t\t\t<\/div>\n\t\t<\/div>\n\t\t\t\t<div class=\"elementor-column elementor-col-50 elementor-top-column elementor-element elementor-element-60ccd1c5\" data-id=\"60ccd1c5\" data-element_type=\"column\">\n\t\t\t<div class=\"elementor-widget-wrap elementor-element-populated\">\n\t\t\t\t\t\t<div class=\"elementor-element elementor-element-835da94 elementor-widget elementor-widget-shortcode\" data-id=\"835da94\" data-element_type=\"widget\" data-widget_type=\"shortcode.default\">\n\t\t\t\t<div class=\"elementor-widget-container\">\n\t\t\t\t\t\t\t<div class=\"elementor-shortcode\"><span><span><a href=\"https:\/\/pgafarma.com.br\/en\/\">Home<\/a><\/span><\/span><\/div>\n\t\t\t\t\t\t<\/div>\n\t\t\t\t<\/div>\n\t\t\t\t<div class=\"elementor-element elementor-element-cdadf77 elementor-widget elementor-widget-heading\" data-id=\"cdadf77\" data-element_type=\"widget\" data-widget_type=\"heading.default\">\n\t\t\t\t<div class=\"elementor-widget-container\">\n\t\t\t\t\t<h1 class=\"elementor-heading-title elementor-size-default\">Juliana Visentin<\/h1>\t\t\t\t<\/div>\n\t\t\t\t<\/div>\n\t\t\t\t<div class=\"elementor-element elementor-element-9c2c67a elementor-widget elementor-widget-heading\" data-id=\"9c2c67a\" data-element_type=\"widget\" data-widget_type=\"heading.default\">\n\t\t\t\t<div class=\"elementor-widget-container\">\n\t\t\t\t\t<h2 class=\"elementor-heading-title elementor-size-default\"><span style=\"font-size: 17.6px\">Project Manager in Patient Safety and CS<\/span><\/h2>\t\t\t\t<\/div>\n\t\t\t\t<\/div>\n\t\t\t\t<div class=\"elementor-element elementor-element-8e6f0c0 elementor-widget elementor-widget-heading\" data-id=\"8e6f0c0\" data-element_type=\"widget\" data-widget_type=\"heading.default\">\n\t\t\t\t<div class=\"elementor-widget-container\">\n\t\t\t\t\t<h2 class=\"elementor-heading-title elementor-size-default\">At PGA Farma since September 2020<\/h2>\t\t\t\t<\/div>\n\t\t\t\t<\/div>\n\t\t\t\t<div class=\"elementor-element elementor-element-a168030 elementor-widget elementor-widget-heading\" data-id=\"a168030\" data-element_type=\"widget\" data-widget_type=\"heading.default\">\n\t\t\t\t<div class=\"elementor-widget-container\">\n\t\t\t\t\t<h2 class=\"elementor-heading-title elementor-size-default\"><span style=\"font-size: 17.6px\">Pharmacist graduated from Faculdade Oswaldo Cruz, with over 15 years of experience, Juliana currently works as a project manager in Customer Service, Medical Information, Pharmacovigilance and human resource allocation projects.<\/span><\/h2>\t\t\t\t<\/div>\n\t\t\t\t<\/div>\n\t\t\t\t\t<\/div>\n\t\t<\/div>\n\t\t\t\t\t<\/div>\n\t\t<\/section>\n\t\t\t\t<\/div>","protected":false},"excerpt":{"rendered":"<p>Juliana Visentin Gerente de Projetos Juliana Visentin Gerente de Projetos em Seguran\u00e7a do Paciente e SAC Na PGA desde setembro de 2020 Farmac\u00eautica formada pela Faculdade Oswaldo Cruz, com mais de 15<span class=\"more-dots\">&#8230;<\/span> <span class=\"more-tag\"><a class=\"more-link\" href=\"https:\/\/pgafarma.com.br\/en\/juliana-vinsentin\/\">More<span class=\"screen-reader-text\"> \"Juliana Visentin\"<\/span><\/a><\/span><!-- .more-tag --><\/p>","protected":false},"author":1,"featured_media":0,"parent":0,"menu_order":0,"comment_status":"closed","ping_status":"closed","template":"","meta":{"footnotes":""},"class_list":["post-5198","page","type-page","status-publish","hentry"],"yoast_head":"<!-- This site is optimized with the Yoast SEO plugin v26.3 - https:\/\/yoast.com\/wordpress\/plugins\/seo\/ -->\n<title>Excel\u00eancia em Farmacovigil\u00e2ncia: Juliana Visentin | PGA Farma<\/title>\n<meta name=\"description\" content=\"Conhe\u00e7a Juliana Visentin na PGA Farma, gerente de projetos com 15 anos de experi\u00eancia em an\u00e1lise de dados e farmacovigil\u00e2ncia\" \/>\n<meta name=\"robots\" content=\"index, follow, max-snippet:-1, max-image-preview:large, max-video-preview:-1\" \/>\n<link rel=\"canonical\" href=\"https:\/\/pgafarma.com.br\/en\/juliana-vinsentin\/\" \/>\n<meta property=\"og:locale\" content=\"en_US\" \/>\n<meta property=\"og:type\" content=\"article\" \/>\n<meta property=\"og:title\" content=\"Excel\u00eancia em Farmacovigil\u00e2ncia: Juliana Visentin | PGA Farma\" \/>\n<meta property=\"og:description\" content=\"Conhe\u00e7a Juliana Visentin na PGA Farma, gerente de projetos com 15 anos de experi\u00eancia em an\u00e1lise de dados e farmacovigil\u00e2ncia\" \/>\n<meta property=\"og:url\" content=\"https:\/\/pgafarma.com.br\/en\/juliana-vinsentin\/\" \/>\n<meta property=\"og:site_name\" content=\"PGA+\" \/>\n<meta property=\"article:modified_time\" content=\"2024-04-05T17:41:08+00:00\" \/>\n<meta property=\"og:image\" content=\"https:\/\/pgafarma.com.br\/wp-content\/uploads\/2022\/10\/Juliana-Visentin.jpg\" \/>\n\t<meta property=\"og:image:width\" content=\"540\" \/>\n\t<meta property=\"og:image:height\" content=\"541\" \/>\n\t<meta property=\"og:image:type\" content=\"image\/jpeg\" \/>\n<meta name=\"twitter:card\" content=\"summary_large_image\" \/>\n<meta name=\"twitter:label1\" content=\"Est. reading time\" \/>\n\t<meta name=\"twitter:data1\" content=\"1 minute\" \/>\n<script type=\"application\/ld+json\" class=\"yoast-schema-graph\">{\"@context\":\"https:\/\/schema.org\",\"@graph\":[{\"@type\":\"WebPage\",\"@id\":\"https:\/\/pgafarma.com.br\/juliana-vinsentin\/\",\"url\":\"https:\/\/pgafarma.com.br\/juliana-vinsentin\/\",\"name\":\"Excel\u00eancia em Farmacovigil\u00e2ncia: Juliana Visentin | PGA Farma\",\"isPartOf\":{\"@id\":\"https:\/\/pgafarma.com.br\/#website\"},\"primaryImageOfPage\":{\"@id\":\"https:\/\/pgafarma.com.br\/juliana-vinsentin\/#primaryimage\"},\"image\":{\"@id\":\"https:\/\/pgafarma.com.br\/juliana-vinsentin\/#primaryimage\"},\"thumbnailUrl\":\"https:\/\/pgafarma.com.br\/wp-content\/uploads\/2022\/10\/Juliana-Visentin.jpg\",\"datePublished\":\"2022-11-03T13:23:51+00:00\",\"dateModified\":\"2024-04-05T17:41:08+00:00\",\"description\":\"Conhe\u00e7a Juliana Visentin na PGA Farma, gerente de projetos com 15 anos de experi\u00eancia em an\u00e1lise de dados e farmacovigil\u00e2ncia\",\"breadcrumb\":{\"@id\":\"https:\/\/pgafarma.com.br\/juliana-vinsentin\/#breadcrumb\"},\"inLanguage\":\"en-US\",\"potentialAction\":[{\"@type\":\"ReadAction\",\"target\":[\"https:\/\/pgafarma.com.br\/juliana-vinsentin\/\"]}]},{\"@type\":\"ImageObject\",\"inLanguage\":\"en-US\",\"@id\":\"https:\/\/pgafarma.com.br\/juliana-vinsentin\/#primaryimage\",\"url\":\"https:\/\/pgafarma.com.br\/wp-content\/uploads\/2022\/10\/Juliana-Visentin.jpg\",\"contentUrl\":\"https:\/\/pgafarma.com.br\/wp-content\/uploads\/2022\/10\/Juliana-Visentin.jpg\"},{\"@type\":\"BreadcrumbList\",\"@id\":\"https:\/\/pgafarma.com.br\/juliana-vinsentin\/#breadcrumb\",\"itemListElement\":[{\"@type\":\"ListItem\",\"position\":1,\"name\":\"Home\",\"item\":\"https:\/\/pgafarma.com.br\/\"},{\"@type\":\"ListItem\",\"position\":2,\"name\":\"Juliana Visentin\"}]},{\"@type\":\"WebSite\",\"@id\":\"https:\/\/pgafarma.com.br\/#website\",\"url\":\"https:\/\/pgafarma.com.br\/\",\"name\":\"PGA Farma\",\"description\":\"Consultoria m\u00e9dico-farmac\u00eautica\",\"publisher\":{\"@id\":\"https:\/\/pgafarma.com.br\/#organization\"},\"potentialAction\":[{\"@type\":\"SearchAction\",\"target\":{\"@type\":\"EntryPoint\",\"urlTemplate\":\"https:\/\/pgafarma.com.br\/?s={search_term_string}\"},\"query-input\":{\"@type\":\"PropertyValueSpecification\",\"valueRequired\":true,\"valueName\":\"search_term_string\"}}],\"inLanguage\":\"en-US\"},{\"@type\":\"Organization\",\"@id\":\"https:\/\/pgafarma.com.br\/#organization\",\"name\":\"PGA Farma\",\"url\":\"https:\/\/pgafarma.com.br\/\",\"logo\":{\"@type\":\"ImageObject\",\"inLanguage\":\"en-US\",\"@id\":\"https:\/\/pgafarma.com.br\/#\/schema\/logo\/image\/\",\"url\":\"https:\/\/pgafarma.com.br\/wp-content\/uploads\/2025\/06\/logo_institucional_3.png\",\"contentUrl\":\"https:\/\/pgafarma.com.br\/wp-content\/uploads\/2025\/06\/logo_institucional_3.png\",\"width\":192,\"height\":85,\"caption\":\"PGA Farma\"},\"image\":{\"@id\":\"https:\/\/pgafarma.com.br\/#\/schema\/logo\/image\/\"}}]}<\/script>\n<!-- \/ Yoast SEO plugin. -->","yoast_head_json":{"title":"Excel\u00eancia em Farmacovigil\u00e2ncia: Juliana Visentin | PGA Farma","description":"Conhe\u00e7a Juliana Visentin na PGA Farma, gerente de projetos com 15 anos de experi\u00eancia em an\u00e1lise de dados e farmacovigil\u00e2ncia","robots":{"index":"index","follow":"follow","max-snippet":"max-snippet:-1","max-image-preview":"max-image-preview:large","max-video-preview":"max-video-preview:-1"},"canonical":"https:\/\/pgafarma.com.br\/en\/juliana-vinsentin\/","og_locale":"en_US","og_type":"article","og_title":"Excel\u00eancia em Farmacovigil\u00e2ncia: Juliana Visentin | PGA Farma","og_description":"Conhe\u00e7a Juliana Visentin na PGA Farma, gerente de projetos com 15 anos de experi\u00eancia em an\u00e1lise de dados e farmacovigil\u00e2ncia","og_url":"https:\/\/pgafarma.com.br\/en\/juliana-vinsentin\/","og_site_name":"PGA+","article_modified_time":"2024-04-05T17:41:08+00:00","og_image":[{"width":540,"height":541,"url":"https:\/\/pgafarma.com.br\/wp-content\/uploads\/2022\/10\/Juliana-Visentin.jpg","type":"image\/jpeg"}],"twitter_card":"summary_large_image","twitter_misc":{"Est. reading time":"1 minute"},"schema":{"@context":"https:\/\/schema.org","@graph":[{"@type":"WebPage","@id":"https:\/\/pgafarma.com.br\/juliana-vinsentin\/","url":"https:\/\/pgafarma.com.br\/juliana-vinsentin\/","name":"Excel\u00eancia em Farmacovigil\u00e2ncia: Juliana Visentin | PGA Farma","isPartOf":{"@id":"https:\/\/pgafarma.com.br\/#website"},"primaryImageOfPage":{"@id":"https:\/\/pgafarma.com.br\/juliana-vinsentin\/#primaryimage"},"image":{"@id":"https:\/\/pgafarma.com.br\/juliana-vinsentin\/#primaryimage"},"thumbnailUrl":"https:\/\/pgafarma.com.br\/wp-content\/uploads\/2022\/10\/Juliana-Visentin.jpg","datePublished":"2022-11-03T13:23:51+00:00","dateModified":"2024-04-05T17:41:08+00:00","description":"Conhe\u00e7a Juliana Visentin na PGA Farma, gerente de projetos com 15 anos de experi\u00eancia em an\u00e1lise de dados e farmacovigil\u00e2ncia","breadcrumb":{"@id":"https:\/\/pgafarma.com.br\/juliana-vinsentin\/#breadcrumb"},"inLanguage":"en-US","potentialAction":[{"@type":"ReadAction","target":["https:\/\/pgafarma.com.br\/juliana-vinsentin\/"]}]},{"@type":"ImageObject","inLanguage":"en-US","@id":"https:\/\/pgafarma.com.br\/juliana-vinsentin\/#primaryimage","url":"https:\/\/pgafarma.com.br\/wp-content\/uploads\/2022\/10\/Juliana-Visentin.jpg","contentUrl":"https:\/\/pgafarma.com.br\/wp-content\/uploads\/2022\/10\/Juliana-Visentin.jpg"},{"@type":"BreadcrumbList","@id":"https:\/\/pgafarma.com.br\/juliana-vinsentin\/#breadcrumb","itemListElement":[{"@type":"ListItem","position":1,"name":"Home","item":"https:\/\/pgafarma.com.br\/"},{"@type":"ListItem","position":2,"name":"Juliana Visentin"}]},{"@type":"WebSite","@id":"https:\/\/pgafarma.com.br\/#website","url":"https:\/\/pgafarma.com.br\/","name":"PGA Farma","description":"Medical-pharmaceutical solutions","publisher":{"@id":"https:\/\/pgafarma.com.br\/#organization"},"potentialAction":[{"@type":"SearchAction","target":{"@type":"EntryPoint","urlTemplate":"https:\/\/pgafarma.com.br\/?s={search_term_string}"},"query-input":{"@type":"PropertyValueSpecification","valueRequired":true,"valueName":"search_term_string"}}],"inLanguage":"en-US"},{"@type":"Organization","@id":"https:\/\/pgafarma.com.br\/#organization","name":"PGA Farma","url":"https:\/\/pgafarma.com.br\/","logo":{"@type":"ImageObject","inLanguage":"en-US","@id":"https:\/\/pgafarma.com.br\/#\/schema\/logo\/image\/","url":"https:\/\/pgafarma.com.br\/wp-content\/uploads\/2025\/06\/logo_institucional_3.png","contentUrl":"https:\/\/pgafarma.com.br\/wp-content\/uploads\/2025\/06\/logo_institucional_3.png","width":192,"height":85,"caption":"PGA Farma"},"image":{"@id":"https:\/\/pgafarma.com.br\/#\/schema\/logo\/image\/"}}]}},"_links":{"self":[{"href":"https:\/\/pgafarma.com.br\/en\/wp-json\/wp\/v2\/pages\/5198","targetHints":{"allow":["GET"]}}],"collection":[{"href":"https:\/\/pgafarma.com.br\/en\/wp-json\/wp\/v2\/pages"}],"about":[{"href":"https:\/\/pgafarma.com.br\/en\/wp-json\/wp\/v2\/types\/page"}],"author":[{"embeddable":true,"href":"https:\/\/pgafarma.com.br\/en\/wp-json\/wp\/v2\/users\/1"}],"replies":[{"embeddable":true,"href":"https:\/\/pgafarma.com.br\/en\/wp-json\/wp\/v2\/comments?post=5198"}],"version-history":[{"count":23,"href":"https:\/\/pgafarma.com.br\/en\/wp-json\/wp\/v2\/pages\/5198\/revisions"}],"predecessor-version":[{"id":5843,"href":"https:\/\/pgafarma.com.br\/en\/wp-json\/wp\/v2\/pages\/5198\/revisions\/5843"}],"wp:attachment":[{"href":"https:\/\/pgafarma.com.br\/en\/wp-json\/wp\/v2\/media?parent=5198"}],"curies":[{"name":"wp","href":"https:\/\/api.w.org\/{rel}","templated":true}]}}