{"id":4365,"date":"2022-09-19T22:39:24","date_gmt":"2022-09-20T01:39:24","guid":{"rendered":"http:\/\/dev.pgafarma.com.br\/member-2\/"},"modified":"2025-06-11T18:24:19","modified_gmt":"2025-06-11T21:24:19","slug":"carolina-garcia","status":"publish","type":"page","link":"https:\/\/pgafarma.com.br\/en\/carolina-garcia\/","title":{"rendered":"Carolina Garcia"},"content":{"rendered":"<div data-elementor-type=\"wp-page\" data-elementor-id=\"4365\" class=\"elementor elementor-4365\">\n\t\t\t\t\t\t<section class=\"elementor-section elementor-top-section elementor-element elementor-element-30279731 elementor-section-boxed elementor-section-height-default elementor-section-height-default\" data-id=\"30279731\" data-element_type=\"section\">\n\t\t\t\t\t\t<div class=\"elementor-container elementor-column-gap-default\">\n\t\t\t\t\t<div class=\"elementor-column elementor-col-50 elementor-top-column elementor-element elementor-element-e9817a2\" data-id=\"e9817a2\" data-element_type=\"column\">\n\t\t\t<div class=\"elementor-widget-wrap elementor-element-populated\">\n\t\t\t\t\t\t<div class=\"elementor-element elementor-element-8ad89b7 elementor-widget elementor-widget-image\" data-id=\"8ad89b7\" data-element_type=\"widget\" data-widget_type=\"image.default\">\n\t\t\t\t<div class=\"elementor-widget-container\">\n\t\t\t\t\t\t\t\t\t\t\t\t\t\t\t<img fetchpriority=\"high\" decoding=\"async\" width=\"540\" height=\"541\" src=\"https:\/\/pgafarma.com.br\/wp-content\/uploads\/2022\/10\/Carolina-Garcia.jpg\" class=\"attachment-large size-large wp-image-4914\" alt=\"Foto de busto uma das executivas da empresa PGA Farma, a mulher tem cabelos castanhos claros curtos, veste um terninho azul marinho e est\u00e1 sorrindo olhando para frente, Se trata de Carolina Garcia\" srcset=\"https:\/\/pgafarma.com.br\/wp-content\/uploads\/2022\/10\/Carolina-Garcia.jpg 540w, https:\/\/pgafarma.com.br\/wp-content\/uploads\/2022\/10\/Carolina-Garcia-300x300.jpg 300w, https:\/\/pgafarma.com.br\/wp-content\/uploads\/2022\/10\/Carolina-Garcia-150x150.jpg 150w, https:\/\/pgafarma.com.br\/wp-content\/uploads\/2022\/10\/Carolina-Garcia-480x480.jpg 480w\" sizes=\"(max-width: 540px) 100vw, 540px\" \/>\t\t\t\t\t\t\t\t\t\t\t\t\t\t\t<\/div>\n\t\t\t\t<\/div>\n\t\t\t\t<section class=\"elementor-section elementor-inner-section elementor-element elementor-element-6c0fee02 elementor-section-boxed elementor-section-height-default elementor-section-height-default\" data-id=\"6c0fee02\" data-element_type=\"section\">\n\t\t\t\t\t\t<div class=\"elementor-container elementor-column-gap-default\">\n\t\t\t\t\t<div class=\"elementor-column elementor-col-100 elementor-inner-column elementor-element elementor-element-6be0cea6\" data-id=\"6be0cea6\" data-element_type=\"column\">\n\t\t\t<div class=\"elementor-widget-wrap elementor-element-populated\">\n\t\t\t\t\t\t<div class=\"elementor-element elementor-element-15869779 elementor-widget elementor-widget-heading\" data-id=\"15869779\" data-element_type=\"widget\" data-widget_type=\"heading.default\">\n\t\t\t\t<div class=\"elementor-widget-container\">\n\t\t\t\t\t<h2 class=\"elementor-heading-title elementor-size-default\">Carolina Garcia<\/h2>\t\t\t\t<\/div>\n\t\t\t\t<\/div>\n\t\t\t\t<div class=\"elementor-element elementor-element-5dc47366 elementor-widget elementor-widget-heading\" data-id=\"5dc47366\" data-element_type=\"widget\" data-widget_type=\"heading.default\">\n\t\t\t\t<div class=\"elementor-widget-container\">\n\t\t\t\t\t<h2 class=\"elementor-heading-title elementor-size-default\">CEO<\/h2>\t\t\t\t<\/div>\n\t\t\t\t<\/div>\n\t\t\t\t<div class=\"elementor-element elementor-element-2d8af80 elementor-widget elementor-widget-elementskit-social-media\" data-id=\"2d8af80\" data-element_type=\"widget\" data-widget_type=\"elementskit-social-media.default\">\n\t\t\t\t<div class=\"elementor-widget-container\">\n\t\t\t\t\t<div class=\"ekit-wid-con\" >\t\t\t <ul class=\"ekit_social_media\">\n\t\t\t\t\t\t\t\t\t\t\t\t\t\t<li class=\"elementor-repeater-item-affd881\">\n\t\t\t\t\t    <a\n\t\t\t\t\t\thref=\"https:\/\/www.linkedin.com\/in\/carolina-garcia-074a5712\" aria-label=\"LinkedIn\" class=\"linkedin\" >\n\t\t\t\t\t\t\t\n\t\t\t\t\t\t\t<i aria-hidden=\"true\" class=\"icon icon-linkedin\"><\/i>\n                                                                                                            <\/a>\n                    <\/li>\n                    \t\t\t\t\t\t\t<\/ul>\n\t\t<\/div>\t\t\t\t<\/div>\n\t\t\t\t<\/div>\n\t\t\t\t\t<\/div>\n\t\t<\/div>\n\t\t\t\t\t<\/div>\n\t\t<\/section>\n\t\t\t\t\t<\/div>\n\t\t<\/div>\n\t\t\t\t<div class=\"elementor-column elementor-col-50 elementor-top-column elementor-element elementor-element-60ccd1c5\" data-id=\"60ccd1c5\" data-element_type=\"column\">\n\t\t\t<div class=\"elementor-widget-wrap elementor-element-populated\">\n\t\t\t\t\t\t<div class=\"elementor-element elementor-element-e013c3f elementor-widget elementor-widget-shortcode\" data-id=\"e013c3f\" data-element_type=\"widget\" data-widget_type=\"shortcode.default\">\n\t\t\t\t<div class=\"elementor-widget-container\">\n\t\t\t\t\t\t\t<div class=\"elementor-shortcode\"><span><span><a href=\"https:\/\/pgafarma.com.br\/en\/\">Home<\/a><\/span><\/span><\/div>\n\t\t\t\t\t\t<\/div>\n\t\t\t\t<\/div>\n\t\t\t\t<div class=\"elementor-element elementor-element-cdadf77 elementor-widget elementor-widget-heading\" data-id=\"cdadf77\" data-element_type=\"widget\" data-widget_type=\"heading.default\">\n\t\t\t\t<div class=\"elementor-widget-container\">\n\t\t\t\t\t<h1 class=\"elementor-heading-title elementor-size-default\">Carolina Garcia<\/h1>\t\t\t\t<\/div>\n\t\t\t\t<\/div>\n\t\t\t\t<div class=\"elementor-element elementor-element-9c2c67a elementor-widget elementor-widget-heading\" data-id=\"9c2c67a\" data-element_type=\"widget\" data-widget_type=\"heading.default\">\n\t\t\t\t<div class=\"elementor-widget-container\">\n\t\t\t\t\t<h2 class=\"elementor-heading-title elementor-size-default\">CEO and Founder of PGA+<\/h2>\t\t\t\t<\/div>\n\t\t\t\t<\/div>\n\t\t\t\t<div class=\"elementor-element elementor-element-a168030 elementor-widget elementor-widget-heading\" data-id=\"a168030\" data-element_type=\"widget\" data-widget_type=\"heading.default\">\n\t\t\t\t<div class=\"elementor-widget-container\">\n\t\t\t\t\t<h2 class=\"elementor-heading-title elementor-size-default\"><span style=\"font-size: 17.6px\">Pharmacist graduated from the University of S\u00e3o Paulo, with an MBA from Funda\u00e7\u00e3o Get\u00falio Vargas and post doctorate in Health Education from Hospital Israelita Albert Einstein, Carolina has over 25 years of experience in the medical-pharmaceutical area. Her business journey includes acting in the public and private sectors of Brazil and Latin America. Heading PGA Farma since 2012, she is responsible for managing projects and strategic solutions offered to national, multinational industries and government institutions.<\/span><\/h2>\t\t\t\t<\/div>\n\t\t\t\t<\/div>\n\t\t\t\t\t<\/div>\n\t\t<\/div>\n\t\t\t\t\t<\/div>\n\t\t<\/section>\n\t\t\t\t<\/div>","protected":false},"excerpt":{"rendered":"<p>Carolina Garcia Diretora Geral Carolina Garcia Diretora Geral e Fundadora da PGA+ Farmac\u00eautica formada pela Universidade de S\u00e3o Paulo, com MBA pela Funda\u00e7\u00e3o Get\u00falio Vargas e livre-doc\u00eancia em Ensino na \u00c1rea da<span class=\"more-dots\">&#8230;<\/span> <span class=\"more-tag\"><a class=\"more-link\" href=\"https:\/\/pgafarma.com.br\/en\/carolina-garcia\/\">More<span class=\"screen-reader-text\"> \"Carolina Garcia\"<\/span><\/a><\/span><!-- .more-tag --><\/p>","protected":false},"author":1,"featured_media":0,"parent":0,"menu_order":0,"comment_status":"closed","ping_status":"closed","template":"","meta":{"footnotes":""},"class_list":["post-4365","page","type-page","status-publish","hentry"],"yoast_head":"<!-- This site is optimized with the Yoast SEO plugin v26.3 - https:\/\/yoast.com\/wordpress\/plugins\/seo\/ -->\n<title>Carolina Garcia: Experi\u00eancia em Sa\u00fade | PGA Farma<\/title>\n<meta name=\"description\" content=\"Conhe\u00e7a Carolina Garcia, diretora da PGA Farma, com 25+ anos de experi\u00eancia em sa\u00fade farmac\u00eautica. Inspire-se em sua trajet\u00f3ria. Visite agora!\" \/>\n<meta name=\"robots\" content=\"index, follow, max-snippet:-1, max-image-preview:large, max-video-preview:-1\" \/>\n<link rel=\"canonical\" href=\"https:\/\/pgafarma.com.br\/en\/carolina-garcia\/\" \/>\n<meta property=\"og:locale\" content=\"en_US\" \/>\n<meta property=\"og:type\" content=\"article\" \/>\n<meta property=\"og:title\" content=\"Carolina Garcia: Experi\u00eancia em Sa\u00fade | PGA Farma\" \/>\n<meta property=\"og:description\" content=\"Conhe\u00e7a Carolina Garcia, diretora da PGA Farma, com 25+ anos de experi\u00eancia em sa\u00fade farmac\u00eautica. Inspire-se em sua trajet\u00f3ria. Visite agora!\" \/>\n<meta property=\"og:url\" content=\"https:\/\/pgafarma.com.br\/en\/carolina-garcia\/\" \/>\n<meta property=\"og:site_name\" content=\"PGA+\" \/>\n<meta property=\"article:modified_time\" content=\"2025-06-11T21:24:19+00:00\" \/>\n<meta property=\"og:image\" content=\"https:\/\/pgafarma.com.br\/wp-content\/uploads\/2022\/10\/Carolina-Garcia.jpg\" \/>\n\t<meta property=\"og:image:width\" content=\"540\" \/>\n\t<meta property=\"og:image:height\" content=\"541\" \/>\n\t<meta property=\"og:image:type\" content=\"image\/jpeg\" \/>\n<meta name=\"twitter:card\" content=\"summary_large_image\" \/>\n<meta name=\"twitter:label1\" content=\"Est. reading time\" \/>\n\t<meta name=\"twitter:data1\" content=\"1 minute\" \/>\n<script type=\"application\/ld+json\" class=\"yoast-schema-graph\">{\"@context\":\"https:\/\/schema.org\",\"@graph\":[{\"@type\":\"WebPage\",\"@id\":\"https:\/\/pgafarma.com.br\/carolina-garcia\/\",\"url\":\"https:\/\/pgafarma.com.br\/carolina-garcia\/\",\"name\":\"Carolina Garcia: Experi\u00eancia em Sa\u00fade | PGA Farma\",\"isPartOf\":{\"@id\":\"https:\/\/pgafarma.com.br\/#website\"},\"primaryImageOfPage\":{\"@id\":\"https:\/\/pgafarma.com.br\/carolina-garcia\/#primaryimage\"},\"image\":{\"@id\":\"https:\/\/pgafarma.com.br\/carolina-garcia\/#primaryimage\"},\"thumbnailUrl\":\"https:\/\/pgafarma.com.br\/wp-content\/uploads\/2022\/10\/Carolina-Garcia.jpg\",\"datePublished\":\"2022-09-20T01:39:24+00:00\",\"dateModified\":\"2025-06-11T21:24:19+00:00\",\"description\":\"Conhe\u00e7a Carolina Garcia, diretora da PGA Farma, com 25+ anos de experi\u00eancia em sa\u00fade farmac\u00eautica. Inspire-se em sua trajet\u00f3ria. Visite agora!\",\"breadcrumb\":{\"@id\":\"https:\/\/pgafarma.com.br\/carolina-garcia\/#breadcrumb\"},\"inLanguage\":\"en-US\",\"potentialAction\":[{\"@type\":\"ReadAction\",\"target\":[\"https:\/\/pgafarma.com.br\/carolina-garcia\/\"]}]},{\"@type\":\"ImageObject\",\"inLanguage\":\"en-US\",\"@id\":\"https:\/\/pgafarma.com.br\/carolina-garcia\/#primaryimage\",\"url\":\"https:\/\/pgafarma.com.br\/wp-content\/uploads\/2022\/10\/Carolina-Garcia.jpg\",\"contentUrl\":\"https:\/\/pgafarma.com.br\/wp-content\/uploads\/2022\/10\/Carolina-Garcia.jpg\"},{\"@type\":\"BreadcrumbList\",\"@id\":\"https:\/\/pgafarma.com.br\/carolina-garcia\/#breadcrumb\",\"itemListElement\":[{\"@type\":\"ListItem\",\"position\":1,\"name\":\"Home\",\"item\":\"https:\/\/pgafarma.com.br\/\"},{\"@type\":\"ListItem\",\"position\":2,\"name\":\"Carolina Garcia\"}]},{\"@type\":\"WebSite\",\"@id\":\"https:\/\/pgafarma.com.br\/#website\",\"url\":\"https:\/\/pgafarma.com.br\/\",\"name\":\"PGA Farma\",\"description\":\"Consultoria m\u00e9dico-farmac\u00eautica\",\"publisher\":{\"@id\":\"https:\/\/pgafarma.com.br\/#organization\"},\"potentialAction\":[{\"@type\":\"SearchAction\",\"target\":{\"@type\":\"EntryPoint\",\"urlTemplate\":\"https:\/\/pgafarma.com.br\/?s={search_term_string}\"},\"query-input\":{\"@type\":\"PropertyValueSpecification\",\"valueRequired\":true,\"valueName\":\"search_term_string\"}}],\"inLanguage\":\"en-US\"},{\"@type\":\"Organization\",\"@id\":\"https:\/\/pgafarma.com.br\/#organization\",\"name\":\"PGA Farma\",\"url\":\"https:\/\/pgafarma.com.br\/\",\"logo\":{\"@type\":\"ImageObject\",\"inLanguage\":\"en-US\",\"@id\":\"https:\/\/pgafarma.com.br\/#\/schema\/logo\/image\/\",\"url\":\"https:\/\/pgafarma.com.br\/wp-content\/uploads\/2025\/06\/logo_institucional_3.png\",\"contentUrl\":\"https:\/\/pgafarma.com.br\/wp-content\/uploads\/2025\/06\/logo_institucional_3.png\",\"width\":192,\"height\":85,\"caption\":\"PGA Farma\"},\"image\":{\"@id\":\"https:\/\/pgafarma.com.br\/#\/schema\/logo\/image\/\"}}]}<\/script>\n<!-- \/ Yoast SEO plugin. -->","yoast_head_json":{"title":"Carolina Garcia: Experi\u00eancia em Sa\u00fade | PGA Farma","description":"Conhe\u00e7a Carolina Garcia, diretora da PGA Farma, com 25+ anos de experi\u00eancia em sa\u00fade farmac\u00eautica. Inspire-se em sua trajet\u00f3ria. Visite agora!","robots":{"index":"index","follow":"follow","max-snippet":"max-snippet:-1","max-image-preview":"max-image-preview:large","max-video-preview":"max-video-preview:-1"},"canonical":"https:\/\/pgafarma.com.br\/en\/carolina-garcia\/","og_locale":"en_US","og_type":"article","og_title":"Carolina Garcia: Experi\u00eancia em Sa\u00fade | PGA Farma","og_description":"Conhe\u00e7a Carolina Garcia, diretora da PGA Farma, com 25+ anos de experi\u00eancia em sa\u00fade farmac\u00eautica. Inspire-se em sua trajet\u00f3ria. Visite agora!","og_url":"https:\/\/pgafarma.com.br\/en\/carolina-garcia\/","og_site_name":"PGA+","article_modified_time":"2025-06-11T21:24:19+00:00","og_image":[{"width":540,"height":541,"url":"https:\/\/pgafarma.com.br\/wp-content\/uploads\/2022\/10\/Carolina-Garcia.jpg","type":"image\/jpeg"}],"twitter_card":"summary_large_image","twitter_misc":{"Est. reading time":"1 minute"},"schema":{"@context":"https:\/\/schema.org","@graph":[{"@type":"WebPage","@id":"https:\/\/pgafarma.com.br\/carolina-garcia\/","url":"https:\/\/pgafarma.com.br\/carolina-garcia\/","name":"Carolina Garcia: Experi\u00eancia em Sa\u00fade | PGA Farma","isPartOf":{"@id":"https:\/\/pgafarma.com.br\/#website"},"primaryImageOfPage":{"@id":"https:\/\/pgafarma.com.br\/carolina-garcia\/#primaryimage"},"image":{"@id":"https:\/\/pgafarma.com.br\/carolina-garcia\/#primaryimage"},"thumbnailUrl":"https:\/\/pgafarma.com.br\/wp-content\/uploads\/2022\/10\/Carolina-Garcia.jpg","datePublished":"2022-09-20T01:39:24+00:00","dateModified":"2025-06-11T21:24:19+00:00","description":"Conhe\u00e7a Carolina Garcia, diretora da PGA Farma, com 25+ anos de experi\u00eancia em sa\u00fade farmac\u00eautica. Inspire-se em sua trajet\u00f3ria. Visite agora!","breadcrumb":{"@id":"https:\/\/pgafarma.com.br\/carolina-garcia\/#breadcrumb"},"inLanguage":"en-US","potentialAction":[{"@type":"ReadAction","target":["https:\/\/pgafarma.com.br\/carolina-garcia\/"]}]},{"@type":"ImageObject","inLanguage":"en-US","@id":"https:\/\/pgafarma.com.br\/carolina-garcia\/#primaryimage","url":"https:\/\/pgafarma.com.br\/wp-content\/uploads\/2022\/10\/Carolina-Garcia.jpg","contentUrl":"https:\/\/pgafarma.com.br\/wp-content\/uploads\/2022\/10\/Carolina-Garcia.jpg"},{"@type":"BreadcrumbList","@id":"https:\/\/pgafarma.com.br\/carolina-garcia\/#breadcrumb","itemListElement":[{"@type":"ListItem","position":1,"name":"Home","item":"https:\/\/pgafarma.com.br\/"},{"@type":"ListItem","position":2,"name":"Carolina Garcia"}]},{"@type":"WebSite","@id":"https:\/\/pgafarma.com.br\/#website","url":"https:\/\/pgafarma.com.br\/","name":"PGA Farma","description":"Medical-pharmaceutical solutions","publisher":{"@id":"https:\/\/pgafarma.com.br\/#organization"},"potentialAction":[{"@type":"SearchAction","target":{"@type":"EntryPoint","urlTemplate":"https:\/\/pgafarma.com.br\/?s={search_term_string}"},"query-input":{"@type":"PropertyValueSpecification","valueRequired":true,"valueName":"search_term_string"}}],"inLanguage":"en-US"},{"@type":"Organization","@id":"https:\/\/pgafarma.com.br\/#organization","name":"PGA Farma","url":"https:\/\/pgafarma.com.br\/","logo":{"@type":"ImageObject","inLanguage":"en-US","@id":"https:\/\/pgafarma.com.br\/#\/schema\/logo\/image\/","url":"https:\/\/pgafarma.com.br\/wp-content\/uploads\/2025\/06\/logo_institucional_3.png","contentUrl":"https:\/\/pgafarma.com.br\/wp-content\/uploads\/2025\/06\/logo_institucional_3.png","width":192,"height":85,"caption":"PGA Farma"},"image":{"@id":"https:\/\/pgafarma.com.br\/#\/schema\/logo\/image\/"}}]}},"_links":{"self":[{"href":"https:\/\/pgafarma.com.br\/en\/wp-json\/wp\/v2\/pages\/4365","targetHints":{"allow":["GET"]}}],"collection":[{"href":"https:\/\/pgafarma.com.br\/en\/wp-json\/wp\/v2\/pages"}],"about":[{"href":"https:\/\/pgafarma.com.br\/en\/wp-json\/wp\/v2\/types\/page"}],"author":[{"embeddable":true,"href":"https:\/\/pgafarma.com.br\/en\/wp-json\/wp\/v2\/users\/1"}],"replies":[{"embeddable":true,"href":"https:\/\/pgafarma.com.br\/en\/wp-json\/wp\/v2\/comments?post=4365"}],"version-history":[{"count":38,"href":"https:\/\/pgafarma.com.br\/en\/wp-json\/wp\/v2\/pages\/4365\/revisions"}],"predecessor-version":[{"id":6122,"href":"https:\/\/pgafarma.com.br\/en\/wp-json\/wp\/v2\/pages\/4365\/revisions\/6122"}],"wp:attachment":[{"href":"https:\/\/pgafarma.com.br\/en\/wp-json\/wp\/v2\/media?parent=4365"}],"curies":[{"name":"wp","href":"https:\/\/api.w.org\/{rel}","templated":true}]}}